{"id":762,"date":"2021-01-28T19:20:59","date_gmt":"2021-01-28T18:20:59","guid":{"rendered":"https:\/\/hausarzt-am-kurpark.de\/?page_id=762"},"modified":"2025-12-25T17:22:27","modified_gmt":"2025-12-25T16:22:27","slug":"fasten","status":"publish","type":"page","link":"https:\/\/hausarzt-am-kurpark.de\/index.php\/integrativmedizin\/fasten\/","title":{"rendered":"Fasten und Ern\u00e4hrung"},"content":{"rendered":"\n<h2 class=\"wp-block-heading\">Fasten<\/h2>\n\n\n\n<p>Wir bieten Fasten am Wohnort zweimal im Jahr &#8211; im Fr\u00fchjahr und im Herbst &#8211; an.<\/p>\n\n\n\n<p>Fasten kann man aus vielen Beweggr\u00fcnden: Um eine Ver\u00e4nderung im Leben herbeizuf\u00fchren, den Geist f\u00fcr einen gewissen Zeitraum zu kl\u00e4ren, um mal loszulassen von alten Gewohnheiten, zu entgiften oder um einfach ein paar l\u00e4stige Pfunde zu verlieren. Aus medizinischer Sicht ist das Fasten eine der wirksamsten nichtmedikament\u00f6sen Heilma\u00dfnahmen. <\/p>\n\n\n\n<p>Das Fasten zeigt Wirkungen bei:<br>\u2013 metabolischen Erkrankungen (z. B. Diabetes mellitus Typ 2, Adipositas)<br>\u2013 chronisch-entz\u00fcndlichen Erkrankungen (z. B. M. Crohn, Colitis ulcerosa, Rheumatoide Arthritis)<br>\u2013 kardiovaskul\u00e4ren Erkrankungen (z. B. Bluthochdruck, Herzinsuffizienz)<br>\u2013 chronischen Schmerzsyndromen<br>\u2013 atopischen Erkrankungen (z. B. Neurodermitis, allerg. Asthma, Heuschnupfen)<br>\u2013 psychosomatischen St\u00f6rungen<\/p>\n\n\n\n<p>Egal, aus welchem Grund Sie \u00fcberlegen zu fasten: in der Gruppe macht es mehr Spa\u00df und das Durchhalteverm\u00f6gen wird gesteigert. Wir bieten deshalb Fastenwochen f\u00fcr unsere Patienten und andere Interessierte an.<\/p>\n\n\n\n<p>Die Fastenwochen werden von Frau <a href=\"https:\/\/fastenakademie.de\/fastenleiter\/fastenleiterliste\/cornelia-heinemann.html\">Cornelia Sophie Reher-Heinemann<\/a>, \u00e4rztlich gepr\u00fcfte Fastenleiterin der Deutschen Fastenakademie und langj\u00e4hrige Mitarbeiterin von <a href=\"https:\/\/fastenakademie.de\/die-dfa\/dr-hellmut-luetzner.html\">Dr. Hellmut L\u00fctzner<\/a> &#8211; Autor des Klassikers &#8222;Wie neugeboren durch Fasten&#8220; und nach O. Buchinger der wohl prominenteste Protagonist des Fastens in Deutschland &#8211; geleitet und von Dr. Kanduth \u00e4rztlich begleitet.<\/p>\n\n\n\n<figure class=\"wp-block-image size-large is-resized\"><img loading=\"lazy\" decoding=\"async\" width=\"683\" height=\"1024\" src=\"https:\/\/hausarzt-am-kurpark.de\/wp-content\/uploads\/2022\/07\/IMG_0295-1-683x1024.jpg\" alt=\"\" class=\"wp-image-1500\" style=\"width:267px;height:400px\" srcset=\"https:\/\/hausarzt-am-kurpark.de\/wp-content\/uploads\/2022\/07\/IMG_0295-1-683x1024.jpg 683w, https:\/\/hausarzt-am-kurpark.de\/wp-content\/uploads\/2022\/07\/IMG_0295-1-200x300.jpg 200w, https:\/\/hausarzt-am-kurpark.de\/wp-content\/uploads\/2022\/07\/IMG_0295-1-768x1152.jpg 768w, https:\/\/hausarzt-am-kurpark.de\/wp-content\/uploads\/2022\/07\/IMG_0295-1-1024x1536.jpg 1024w, https:\/\/hausarzt-am-kurpark.de\/wp-content\/uploads\/2022\/07\/IMG_0295-1-1365x2048.jpg 1365w, https:\/\/hausarzt-am-kurpark.de\/wp-content\/uploads\/2022\/07\/IMG_0295-1-scaled.jpg 1707w\" sizes=\"(max-width: 683px) 100vw, 683px\" \/><\/figure>\n\n\n\n<p><\/p>\n\n\n\n<h1 class=\"wp-block-heading\">Die 7. Kurpark-Fastenwoche findet<br>vom 25. Februar bis 6. M\u00e4rz 2026 statt!<\/h1>\n\n\n\n<p><strong>Informationsabend<\/strong>: <strong>Mittwoch, <\/strong>18. Februar 2026 (Aschermittwoch), von 19:30 Uhr bis 20:30 Uhr im Seminarraum \u00fcber der Praxis.<\/p>\n\n\n\n<h3 class=\"wp-block-heading\">Ablauf der Fastenwoche <\/h3>\n\n\n\n<h4 class=\"wp-block-heading\">(\u00c4nderungen m\u00f6glich)<\/h4>\n\n\n\n<figure class=\"wp-block-table\"><table><tbody><tr><td><strong>Datum<\/strong><\/td><td class=\"has-text-align-center\" data-align=\"center\"><strong>Uhrzeit<\/strong><\/td><td><strong>Thema<\/strong><\/td><\/tr><tr><td>Mittwoch<\/td><td class=\"has-text-align-center\" data-align=\"center\">10:00\/ 19:30<\/td><td>Einf\u00fchrung, Motivation, Vorbereitungen<\/td><\/tr><tr><td>Donnerstag<\/td><td class=\"has-text-align-center\" data-align=\"center\">10:00\/ 19:30<\/td><td>Entlastungstag<\/td><\/tr><tr><td>Freitag<\/td><td class=\"has-text-align-center\" data-align=\"center\">10:00\/ 19:30<\/td><td>1. Fastentag<\/td><\/tr><tr><td>Samstag<\/td><td class=\"has-text-align-center\" data-align=\"center\">10:00<\/td><td>2. Fastentag, 1. Fastenwanderung<\/td><\/tr><tr><td>Sonntag<\/td><td class=\"has-text-align-center\" data-align=\"center\">10:00<\/td><td>3. Fastentag, 2. Fastenwanderung<\/td><\/tr><tr><td>Montag<\/td><td class=\"has-text-align-center\" data-align=\"center\">&#8211;<\/td><td>4. Fastentag, kein Treffen<\/td><\/tr><tr><td>Dienstag<\/td><td class=\"has-text-align-center\" data-align=\"center\">10:00\/ 19:30<\/td><td>5. Fastentag<\/td><\/tr><tr><td>Mittwoch<\/td><td class=\"has-text-align-center\" data-align=\"center\">10:00\/ 19:30<\/td><td>1. Aufbautag<\/td><\/tr><tr><td>Donnerstag<\/td><td class=\"has-text-align-center\" data-align=\"center\">&#8211;<\/td><td>2. Aufbautag, kein Treffen<\/td><\/tr><tr><td>Freitag<\/td><td class=\"has-text-align-center\" data-align=\"center\">10:00\/ 19:30<\/td><td>3. Aufbautag, Abschluss<\/td><\/tr><\/tbody><\/table><\/figure>\n\n\n\n<h3 class=\"wp-block-heading\">Organisatorisches<\/h3>\n\n\n\n<p><strong>Teilnehmerzahl:<\/strong> max. 10 pro Gruppe, Vormittags- oder Abendgruppe<br><strong>Treffpunkt:<\/strong> Soltauer Str. 15, 1. Etage (\u00fcber der Hausarztpraxis am Kurpark)<\/p>\n\n\n\n<p><strong>Anmeldung:<\/strong> Per E-Mail an <a href=\"mailto:mbm@hausarzt-am-kurpark.de\">mbm@hausarzt-am-kurpark.de<\/a> oder Brief (auf jeden Fall schriftlich) <br><strong>Teilnahmebeitrag:<\/strong> 250 \u20ac, mit der Anmeldung auf das Konto: IBAN DE46 3006 0601 0505 2540 94 zu \u00fcberweisen. Verwendungszweck: Name, 7. Kurpark-Fastenwoche, Vormittags- oder Abendgruppe<\/p>\n\n\n\n<p>Nach Erreichen der maximalen Teilnehmerzahl entscheidet die Reihenfolge des Zahlungseingangs \u00fcber die Teilnahme.<\/p>\n\n\n\n<p>Bei Interesse oder Fragen melden Sie sich bitte telefonisch, per Email oder pers\u00f6nlich am Tresen.<\/p>\n\n\n\n<p><\/p>\n\n\n\n<h3 class=\"wp-block-heading\">N\u00e4chste Termine<\/h3>\n\n\n\n<p>noch offen<\/p>\n\n\n\n<p>Informationsfilm von ARTE bei YouTube<\/p>\n\n\n\n<p>ARTE: <a href=\"https:\/\/youtu.be\/SiMqk50mwuQ?si=g3-d09ueVNLueLVY\">Fasten: Ein Ph\u00e4nomen wird erforscht<\/a><\/p>\n\n\n\n<h3 class=\"wp-block-heading\">Fastenmanual mit Informationen f\u00fcr Teilnehmerinnen und Teilnehmer  zum Herunterladen<\/h3>\n\n\n\n<div data-wp-interactive=\"core\/file\" class=\"wp-block-file\"><object data-wp-bind--hidden=\"!state.hasPdfPreview\"  class=\"wp-block-file__embed\" data=\"https:\/\/hausarzt-am-kurpark.de\/wp-content\/uploads\/2025\/03\/Manual_Fastenwoche_V-2025.pdf\" type=\"application\/pdf\" style=\"width:100%;height:600px\" aria-label=\"Einbettung von Manual_Fastenwoche_V-2025.\"><\/object><a id=\"wp-block-file--media-d7db4e27-ba96-4200-9b39-9ddd27220eab\" href=\"https:\/\/hausarzt-am-kurpark.de\/wp-content\/uploads\/2025\/03\/Manual_Fastenwoche_V-2025.pdf\">Manual_Fastenwoche_V-2025<\/a><a href=\"https:\/\/hausarzt-am-kurpark.de\/wp-content\/uploads\/2025\/03\/Manual_Fastenwoche_V-2025.pdf\" class=\"wp-block-file__button wp-element-button\" download aria-describedby=\"wp-block-file--media-d7db4e27-ba96-4200-9b39-9ddd27220eab\">Herunterladen<\/a><\/div>\n","protected":false},"excerpt":{"rendered":"<p>Fasten Wir bieten Fasten am Wohnort zweimal im Jahr &#8211; im Fr\u00fchjahr und im Herbst &#8211; an. Fasten kann man aus vielen Beweggr\u00fcnden: Um eine Ver\u00e4nderung im Leben herbeizuf\u00fchren, den Geist f\u00fcr einen gewissen Zeitraum zu kl\u00e4ren, um mal loszulassen von alten Gewohnheiten, zu entgiften oder um einfach ein paar l\u00e4stige Pfunde zu verlieren. Aus &hellip;<\/p>\n","protected":false},"author":1,"featured_media":0,"parent":621,"menu_order":0,"comment_status":"closed","ping_status":"closed","template":"","meta":{"footnotes":""},"class_list":["post-762","page","type-page","status-publish","hentry"],"_links":{"self":[{"href":"https:\/\/hausarzt-am-kurpark.de\/index.php\/wp-json\/wp\/v2\/pages\/762"}],"collection":[{"href":"https:\/\/hausarzt-am-kurpark.de\/index.php\/wp-json\/wp\/v2\/pages"}],"about":[{"href":"https:\/\/hausarzt-am-kurpark.de\/index.php\/wp-json\/wp\/v2\/types\/page"}],"author":[{"embeddable":true,"href":"https:\/\/hausarzt-am-kurpark.de\/index.php\/wp-json\/wp\/v2\/users\/1"}],"replies":[{"embeddable":true,"href":"https:\/\/hausarzt-am-kurpark.de\/index.php\/wp-json\/wp\/v2\/comments?post=762"}],"version-history":[{"count":43,"href":"https:\/\/hausarzt-am-kurpark.de\/index.php\/wp-json\/wp\/v2\/pages\/762\/revisions"}],"predecessor-version":[{"id":2701,"href":"https:\/\/hausarzt-am-kurpark.de\/index.php\/wp-json\/wp\/v2\/pages\/762\/revisions\/2701"}],"up":[{"embeddable":true,"href":"https:\/\/hausarzt-am-kurpark.de\/index.php\/wp-json\/wp\/v2\/pages\/621"}],"wp:attachment":[{"href":"https:\/\/hausarzt-am-kurpark.de\/index.php\/wp-json\/wp\/v2\/media?parent=762"}],"curies":[{"name":"wp","href":"https:\/\/api.w.org\/{rel}","templated":true}]}}