{"id":54,"date":"2017-10-03T12:21:25","date_gmt":"2017-10-03T10:21:25","guid":{"rendered":"http:\/\/hausarzt-am-kurpark.de\/?page_id=54"},"modified":"2026-04-15T16:07:22","modified_gmt":"2026-04-15T14:07:22","slug":"startseite","status":"publish","type":"page","link":"https:\/\/hausarzt-am-kurpark.de\/","title":{"rendered":"Startseite"},"content":{"rendered":"<div class=\"n2-section-smartslider fitvidsignore  n2_clear\" data-ssid=\"2\" tabindex=\"0\" role=\"region\" aria-label=\"Slider\"><div id=\"n2-ss-2-align\" class=\"n2-ss-align\" style=\"margin: 0 auto; max-width: 1200px;\"><div class=\"n2-padding\"><div id=\"n2-ss-2\" data-creator=\"Smart Slider 3\" data-responsive=\"auto\" class=\"n2-ss-slider n2-ow n2-has-hover n2notransition  \">\n\n\n\n<div class=\"n2-ss-slider-wrapper-inside\">\n        <div class=\"n2-ss-slider-1 n2_ss__touch_element n2-ow\">\n            <div class=\"n2-ss-slider-2 n2-ow\">\n                                                <div class=\"n2-ss-slider-3 n2-ow\">\n\n                    <div class=\"n2-ss-slide-backgrounds n2-ow-all\"><div class=\"n2-ss-slide-background\" data-public-id=\"1\" data-mode=\"fill\"><div class=\"n2-ss-slide-background-image\" data-blur=\"0\" data-opacity=\"100\" data-x=\"50\" data-y=\"50\" data-alt=\"\" data-title=\"\"><picture class=\"skip-lazy\" data-skip-lazy=\"1\"><img decoding=\"async\" src=\"\/\/hausarzt-am-kurpark.de\/wp-content\/uploads\/slider\/cache\/f08c1029d5a70ffad9569a45560e41b0\/CBE8D4B2-3292-4B63-A14D-4166058BDB47.jpg\" alt=\"\" title=\"\" loading=\"lazy\" class=\"skip-lazy\" data-skip-lazy=\"1\"><\/picture><\/div><div data-color=\"RGBA(255,255,255,0)\" style=\"background-color: RGBA(255,255,255,0);\" class=\"n2-ss-slide-background-color\"><\/div><\/div><div class=\"n2-ss-slide-background\" data-public-id=\"2\" data-mode=\"fill\" aria-hidden=\"true\"><div class=\"n2-ss-slide-background-image\" data-blur=\"0\" data-opacity=\"100\" data-x=\"50\" data-y=\"50\" data-alt=\"\" data-title=\"\"><picture class=\"skip-lazy\" data-skip-lazy=\"1\"><img decoding=\"async\" src=\"\/\/hausarzt-am-kurpark.de\/wp-content\/uploads\/slider\/cache\/e2f8b84453ba7dffe0733571952099d5\/3271B96C-4068-4C39-9334-DD38C67AEF55.jpg\" alt=\"\" title=\"\" loading=\"lazy\" class=\"skip-lazy\" data-skip-lazy=\"1\"><\/picture><\/div><div data-color=\"RGBA(255,255,255,0)\" style=\"background-color: RGBA(255,255,255,0);\" class=\"n2-ss-slide-background-color\"><\/div><\/div><div class=\"n2-ss-slide-background\" data-public-id=\"3\" data-mode=\"fill\" aria-hidden=\"true\"><div class=\"n2-ss-slide-background-image\" data-blur=\"0\" data-opacity=\"100\" data-x=\"50\" data-y=\"50\" data-alt=\"\" data-title=\"\"><picture class=\"skip-lazy\" data-skip-lazy=\"1\"><img decoding=\"async\" src=\"\/\/hausarzt-am-kurpark.de\/wp-content\/uploads\/slider\/cache\/8eaae9cad192fbfd59b3230d33132653\/2D33DA3A-4BBC-4E20-8C20-8696575B5393.jpg\" alt=\"\" title=\"\" loading=\"lazy\" class=\"skip-lazy\" data-skip-lazy=\"1\"><\/picture><\/div><div data-color=\"RGBA(255,255,255,0)\" style=\"background-color: RGBA(255,255,255,0);\" class=\"n2-ss-slide-background-color\"><\/div><\/div><div class=\"n2-ss-slide-background\" data-public-id=\"4\" data-mode=\"fill\" aria-hidden=\"true\"><div class=\"n2-ss-slide-background-image\" data-blur=\"0\" data-opacity=\"100\" data-x=\"50\" data-y=\"50\" data-alt=\"\" data-title=\"\"><picture class=\"skip-lazy\" data-skip-lazy=\"1\"><img decoding=\"async\" src=\"\/\/hausarzt-am-kurpark.de\/wp-content\/uploads\/slider\/cache\/0a4f89d73da49dd0c895bfd6f3a73204\/2B84278A-9F5F-43BF-A192-5F61E52428A8.jpg\" alt=\"\" title=\"\" loading=\"lazy\" class=\"skip-lazy\" data-skip-lazy=\"1\"><\/picture><\/div><div data-color=\"RGBA(255,255,255,0)\" style=\"background-color: RGBA(255,255,255,0);\" class=\"n2-ss-slide-background-color\"><\/div><\/div><div class=\"n2-ss-slide-background\" data-public-id=\"5\" data-mode=\"fill\" aria-hidden=\"true\"><div class=\"n2-ss-slide-background-image\" data-blur=\"0\" data-opacity=\"100\" data-x=\"50\" data-y=\"50\" data-alt=\"\" data-title=\"\"><picture class=\"skip-lazy\" data-skip-lazy=\"1\"><img decoding=\"async\" src=\"\/\/hausarzt-am-kurpark.de\/wp-content\/uploads\/slider\/cache\/7bd8a4537a272ab499f28c2fa216351a\/D31D4D1B-5A00-47D2-9679-5F0FC0B95C97.jpg\" alt=\"\" title=\"\" loading=\"lazy\" class=\"skip-lazy\" data-skip-lazy=\"1\"><\/picture><\/div><div data-color=\"RGBA(255,255,255,0)\" style=\"background-color: RGBA(255,255,255,0);\" class=\"n2-ss-slide-background-color\"><\/div><\/div><div class=\"n2-ss-slide-background\" data-public-id=\"6\" data-mode=\"fill\" aria-hidden=\"true\"><div class=\"n2-ss-slide-background-image\" data-blur=\"0\" data-opacity=\"100\" data-x=\"50\" data-y=\"50\" data-alt=\"\" data-title=\"\"><picture class=\"skip-lazy\" data-skip-lazy=\"1\"><img decoding=\"async\" src=\"\/\/hausarzt-am-kurpark.de\/wp-content\/uploads\/slider\/cache\/14dffd1f47460b69ab7571760ecaa637\/A02B6FDE-1CAF-4D02-84C2-9B745B44F57F.jpg\" alt=\"\" title=\"\" loading=\"lazy\" class=\"skip-lazy\" data-skip-lazy=\"1\"><\/picture><\/div><div data-color=\"RGBA(255,255,255,0)\" style=\"background-color: RGBA(255,255,255,0);\" class=\"n2-ss-slide-background-color\"><\/div><\/div><\/div>                    <div class=\"n2-ss-slider-4 n2-ow\">\n                        <svg xmlns=\"http:\/\/www.w3.org\/2000\/svg\" viewBox=\"0 0 1200 1000\" data-related-device=\"desktopPortrait\" class=\"n2-ow n2-ss-preserve-size n2-ss-preserve-size--slider n2-ss-slide-limiter\"><\/svg><div data-first=\"1\" data-slide-duration=\"0\" data-id=\"12\" data-slide-public-id=\"1\" data-title=\"CBE8D4B2-3292-4B63-A14D-4166058BDB47\" class=\"n2-ss-slide n2-ow  n2-ss-slide-12\"><div role=\"note\" class=\"n2-ss-slide--focus\" tabindex=\"-1\">CBE8D4B2-3292-4B63-A14D-4166058BDB47<\/div><div class=\"n2-ss-layers-container n2-ss-slide-limiter n2-ow\"><div class=\"n2-ss-layer n2-ow n-uc-PMXeeMNZtkXW\" data-sstype=\"slide\" data-pm=\"default\"><\/div><\/div><\/div><div data-slide-duration=\"0\" data-id=\"13\" data-slide-public-id=\"2\" aria-hidden=\"true\" data-title=\"3271B96C-4068-4C39-9334-DD38C67AEF55\" class=\"n2-ss-slide n2-ow  n2-ss-slide-13\"><div role=\"note\" class=\"n2-ss-slide--focus\" tabindex=\"-1\">3271B96C-4068-4C39-9334-DD38C67AEF55<\/div><div class=\"n2-ss-layers-container n2-ss-slide-limiter n2-ow\"><div class=\"n2-ss-layer n2-ow n-uc-Rv3y3JcjABSi\" data-sstype=\"slide\" data-pm=\"default\"><\/div><\/div><\/div><div data-slide-duration=\"0\" data-id=\"14\" data-slide-public-id=\"3\" aria-hidden=\"true\" data-title=\"2D33DA3A-4BBC-4E20-8C20-8696575B5393\" class=\"n2-ss-slide n2-ow  n2-ss-slide-14\"><div role=\"note\" class=\"n2-ss-slide--focus\" tabindex=\"-1\">2D33DA3A-4BBC-4E20-8C20-8696575B5393<\/div><div class=\"n2-ss-layers-container n2-ss-slide-limiter n2-ow\"><div class=\"n2-ss-layer n2-ow n-uc-E8ozEYGsqrAp\" data-sstype=\"slide\" data-pm=\"default\"><\/div><\/div><\/div><div data-slide-duration=\"0\" data-id=\"15\" data-slide-public-id=\"4\" aria-hidden=\"true\" data-title=\"2B84278A-9F5F-43BF-A192-5F61E52428A8\" class=\"n2-ss-slide n2-ow  n2-ss-slide-15\"><div role=\"note\" class=\"n2-ss-slide--focus\" tabindex=\"-1\">2B84278A-9F5F-43BF-A192-5F61E52428A8<\/div><div class=\"n2-ss-layers-container n2-ss-slide-limiter n2-ow\"><div class=\"n2-ss-layer n2-ow n-uc-PHrQRDY1ShWP\" data-sstype=\"slide\" data-pm=\"default\"><\/div><\/div><\/div><div data-slide-duration=\"0\" data-id=\"17\" data-slide-public-id=\"5\" aria-hidden=\"true\" data-title=\"D31D4D1B-5A00-47D2-9679-5F0FC0B95C97\" class=\"n2-ss-slide n2-ow  n2-ss-slide-17\"><div role=\"note\" class=\"n2-ss-slide--focus\" tabindex=\"-1\">D31D4D1B-5A00-47D2-9679-5F0FC0B95C97<\/div><div class=\"n2-ss-layers-container n2-ss-slide-limiter n2-ow\"><div class=\"n2-ss-layer n2-ow n-uc-vKzG33Fo8EOO\" data-sstype=\"slide\" data-pm=\"default\"><\/div><\/div><\/div><div data-slide-duration=\"0\" data-id=\"18\" data-slide-public-id=\"6\" aria-hidden=\"true\" data-title=\"A02B6FDE-1CAF-4D02-84C2-9B745B44F57F\" class=\"n2-ss-slide n2-ow  n2-ss-slide-18\"><div role=\"note\" class=\"n2-ss-slide--focus\" tabindex=\"-1\">A02B6FDE-1CAF-4D02-84C2-9B745B44F57F<\/div><div class=\"n2-ss-layers-container n2-ss-slide-limiter n2-ow\"><div class=\"n2-ss-layer n2-ow n-uc-a1t7vIPaOebH\" data-sstype=\"slide\" data-pm=\"default\"><\/div><\/div><\/div>                    <\/div>\n\n                                    <\/div>\n            <\/div>\n        <\/div>\n        <div class=\"n2-ss-slider-controls n2-ss-slider-controls-absolute-left-center\"><div style=\"--widget-offset:15px;\" class=\"n2-ss-widget nextend-arrow n2-ow-all nextend-arrow-previous  nextend-arrow-animated-fade\" id=\"n2-ss-2-arrow-previous\" role=\"button\" aria-label=\"previous arrow\" tabindex=\"0\"><img loading=\"lazy\" decoding=\"async\" width=\"32\" height=\"32\" class=\"n2-arrow-normal-img skip-lazy\" data-skip-lazy=\"1\" src=\"data:image\/svg+xml;base64,PHN2ZyB3aWR0aD0iMzIiIGhlaWdodD0iMzIiIHZpZXdCb3g9IjAgMCAzMiAzMiIgeG1sbnM9Imh0dHA6Ly93d3cudzMub3JnLzIwMDAvc3ZnIj4KICAgIDxwYXRoIGQ9Ik0xMS40MzMgMTUuOTkyTDIyLjY5IDUuNzEyYy4zOTMtLjM5LjM5My0xLjAzIDAtMS40Mi0uMzkzLS4zOS0xLjAzLS4zOS0xLjQyMyAwbC0xMS45OCAxMC45NGMtLjIxLjIxLS4zLjQ5LS4yODUuNzYtLjAxNS4yOC4wNzUuNTYuMjg0Ljc3bDExLjk4IDEwLjk0Yy4zOTMuMzkgMS4wMy4zOSAxLjQyNCAwIC4zOTMtLjQuMzkzLTEuMDMgMC0xLjQybC0xMS4yNTctMTAuMjkiCiAgICAgICAgICBmaWxsPSIjZmZmZmZmIiBvcGFjaXR5PSIwLjgiIGZpbGwtcnVsZT0iZXZlbm9kZCIvPgo8L3N2Zz4=\" alt=\"previous arrow\"><img loading=\"lazy\" decoding=\"async\" width=\"32\" height=\"32\" class=\"n2-arrow-hover-img skip-lazy\" data-skip-lazy=\"1\" src=\"data:image\/svg+xml;base64,PHN2ZyB3aWR0aD0iMzIiIGhlaWdodD0iMzIiIHZpZXdCb3g9IjAgMCAzMiAzMiIgeG1sbnM9Imh0dHA6Ly93d3cudzMub3JnLzIwMDAvc3ZnIj4KICAgIDxwYXRoIGQ9Ik0xMS40MzMgMTUuOTkyTDIyLjY5IDUuNzEyYy4zOTMtLjM5LjM5My0xLjAzIDAtMS40Mi0uMzkzLS4zOS0xLjAzLS4zOS0xLjQyMyAwbC0xMS45OCAxMC45NGMtLjIxLjIxLS4zLjQ5LS4yODUuNzYtLjAxNS4yOC4wNzUuNTYuMjg0Ljc3bDExLjk4IDEwLjk0Yy4zOTMuMzkgMS4wMy4zOSAxLjQyNCAwIC4zOTMtLjQuMzkzLTEuMDMgMC0xLjQybC0xMS4yNTctMTAuMjkiCiAgICAgICAgICBmaWxsPSIjZmZmZmZmIiBvcGFjaXR5PSIxIiBmaWxsLXJ1bGU9ImV2ZW5vZGQiLz4KPC9zdmc+\" alt=\"previous arrow\"><\/div><\/div><div class=\"n2-ss-slider-controls n2-ss-slider-controls-absolute-right-center\"><div style=\"--widget-offset:15px;\" class=\"n2-ss-widget nextend-arrow n2-ow-all nextend-arrow-next  nextend-arrow-animated-fade\" id=\"n2-ss-2-arrow-next\" role=\"button\" aria-label=\"next arrow\" tabindex=\"0\"><img loading=\"lazy\" decoding=\"async\" width=\"32\" height=\"32\" class=\"n2-arrow-normal-img skip-lazy\" data-skip-lazy=\"1\" src=\"data:image\/svg+xml;base64,PHN2ZyB3aWR0aD0iMzIiIGhlaWdodD0iMzIiIHZpZXdCb3g9IjAgMCAzMiAzMiIgeG1sbnM9Imh0dHA6Ly93d3cudzMub3JnLzIwMDAvc3ZnIj4KICAgIDxwYXRoIGQ9Ik0xMC43MjIgNC4yOTNjLS4zOTQtLjM5LTEuMDMyLS4zOS0xLjQyNyAwLS4zOTMuMzktLjM5MyAxLjAzIDAgMS40MmwxMS4yODMgMTAuMjgtMTEuMjgzIDEwLjI5Yy0uMzkzLjM5LS4zOTMgMS4wMiAwIDEuNDIuMzk1LjM5IDEuMDMzLjM5IDEuNDI3IDBsMTIuMDA3LTEwLjk0Yy4yMS0uMjEuMy0uNDkuMjg0LS43Ny4wMTQtLjI3LS4wNzYtLjU1LS4yODYtLjc2TDEwLjcyIDQuMjkzeiIKICAgICAgICAgIGZpbGw9IiNmZmZmZmYiIG9wYWNpdHk9IjAuOCIgZmlsbC1ydWxlPSJldmVub2RkIi8+Cjwvc3ZnPg==\" alt=\"next arrow\"><img loading=\"lazy\" decoding=\"async\" width=\"32\" height=\"32\" class=\"n2-arrow-hover-img skip-lazy\" data-skip-lazy=\"1\" src=\"data:image\/svg+xml;base64,PHN2ZyB3aWR0aD0iMzIiIGhlaWdodD0iMzIiIHZpZXdCb3g9IjAgMCAzMiAzMiIgeG1sbnM9Imh0dHA6Ly93d3cudzMub3JnLzIwMDAvc3ZnIj4KICAgIDxwYXRoIGQ9Ik0xMC43MjIgNC4yOTNjLS4zOTQtLjM5LTEuMDMyLS4zOS0xLjQyNyAwLS4zOTMuMzktLjM5MyAxLjAzIDAgMS40MmwxMS4yODMgMTAuMjgtMTEuMjgzIDEwLjI5Yy0uMzkzLjM5LS4zOTMgMS4wMiAwIDEuNDIuMzk1LjM5IDEuMDMzLjM5IDEuNDI3IDBsMTIuMDA3LTEwLjk0Yy4yMS0uMjEuMy0uNDkuMjg0LS43Ny4wMTQtLjI3LS4wNzYtLjU1LS4yODYtLjc2TDEwLjcyIDQuMjkzeiIKICAgICAgICAgIGZpbGw9IiNmZmZmZmYiIG9wYWNpdHk9IjEiIGZpbGwtcnVsZT0iZXZlbm9kZCIvPgo8L3N2Zz4=\" alt=\"next arrow\"><\/div><\/div><div class=\"n2-ss-slider-controls n2-ss-slider-controls-absolute-center-bottom\"><div style=\"--widget-offset:10px;\" class=\"n2-ss-widget n2-ss-control-bullet n2-ow-all n2-ss-control-bullet-horizontal\"><div class=\" nextend-bullet-bar n2-bar-justify-content-center\" role=\"group\" aria-label=\"Choose slide to display.\"><div class=\"n2-bullet n2-style-13586a9834f840c6e3b0e8ac4aa4b69c-dot \" style=\"visibility:hidden;\"><\/div><\/div><\/div><\/div><\/div><\/div><ss3-loader><\/ss3-loader><\/div><\/div><div class=\"n2_clear\"><\/div><\/div>\n\n\n<p><\/p>\n\n\n\n<div style=\"z-index: 200; text-align: center; background-color: #84bd00; color: white; width: 100%; padding: 10px; margin-top: 0px;\">Ihre Praxis f\u00fcr die haus\u00e4rztliche und integrativmedizinische Rundumbetreuung in L\u00fcneburg<\/div>\n\n\n\n<div>&nbsp;<\/div>\n\n\n\n<hr class=\"wp-block-separator has-alpha-channel-opacity\"\/>\n\n\n\n<h1 class=\"wp-block-heading has-text-align-center\">Ihre Hausarztpraxis am Kurpark<\/h1>\n\n\n\n<p class=\"has-text-align-center\">Telefon: 04131 43303<\/p>\n\n\n\n<p class=\"has-text-align-center\">Email: <a href=\"mailto:praxis@hausarzt-am-kurpark.de\">praxis@hausarzt-am-kurpark.de<\/a><\/p>\n\n\n\n<h3 class=\"wp-block-heading has-text-align-center\">Neu:  digitale Assistenten<\/h3>\n\n\n\n<p class=\"has-text-align-center\">Zur Verbesserung der Erreichbarkeit der Praxis haben wir <strong>digitale Assistenten<\/strong>, die Sie telefonisch oder &#8211; noch komfortabler &#8211; direkt \u00fcber diese Webseite erreichen. Klicken Sie hierzu bitte auf die Sprechblase unten rechts. Wir melden uns bei Ihnen. Bitte teilen Sie uns Ihre Anliegen vorzugsweise auf diesem Wege mit. Bitte schicken Sie uns nur <strong>eine<\/strong> Nachricht und sehen Sie von Nachfragen ab! Doppelte Nachrichten beschleunigen Ihr Anliegen nicht sondern verz\u00f6gern die Bearbeitung f\u00fcr alle!<br><strong>E-Mails<\/strong> k\u00f6nnen wir nur noch <strong>h\u00f6chstens einmal t\u00e4glich<\/strong> bearbeiten!<\/p>\n\n\n\n<p><\/p>\n\n\n\n<h3 class=\"wp-block-heading has-text-align-center\">Hier k\u00f6nnen Sie Termine f\u00fcr die Videosprechstunde buchen<\/h3>\n\n\n\n<div class=\"wp-block-group\"><div class=\"wp-block-group__inner-container is-layout-constrained wp-block-group-is-layout-constrained\">\n<div class=\"wp-block-group\"><div class=\"wp-block-group__inner-container is-layout-constrained wp-block-group-is-layout-constrained\">\n<div class=\"wp-block-columns is-layout-flex wp-container-core-columns-is-layout-2 wp-block-columns-is-layout-flex\">\n<div class=\"wp-block-column is-layout-flow wp-block-column-is-layout-flow\" style=\"flex-basis:100%\">\n<div class=\"wp-block-group\"><div class=\"wp-block-group__inner-container is-layout-constrained wp-block-group-is-layout-constrained\">\n<div class=\"wp-block-columns is-layout-flex wp-container-core-columns-is-layout-1 wp-block-columns-is-layout-flex\">\n<div class=\"wp-block-column is-layout-flow wp-block-column-is-layout-flow\" style=\"flex-basis:100%\">\n<div style=\"text-align: center;\">\n<script src=\"https:\/\/webtermin.medatixx.de\/plugin\/jquery-3.6.0.min.js\"><\/script>\n<script src=\"https:\/\/webtermin.medatixx.de\/plugin\/terminbuchung-plugin.js\"><\/script>\n<button type=\"button\" class=\"terminbuchung-trigger\" data-configid=\"07b668ef-cd06-4cd3-900b-13e2884c07fd\">Jetzt Termin buchen!<\/button>\n<\/div>\n<\/div>\n<\/div><\/div>\n<\/div>\n<\/div>\n<\/div><\/div>\n<\/div><\/div>\n\n\n\n<p class=\"has-text-align-center\"><br><\/p>\n\n\n\n<p><\/p>\n\n\n\n<script type=\"module\">\n  import Typebot from 'https:\/\/cdn.jsdelivr.net\/npm\/@typebot.io\/js@0.3.47\/dist\/web.js'\n\n  Typebot.initBubble({\n    typebot: \"hausarzt-am-kurpark-i2g0i3t\",\n    apiHost: \"https:\/\/webconcierge.pcoapi.dev\",\n    previewMessage: {\n      message:\n        \"Wie kann ich Ihnen weiterhelfen? Klicken Sie einfach auf die Sprechblase.  \",\n      autoShowDelay: 1000,\n      avatarUrl:\n        \"https:\/\/media-typebot-u11834.vm.elestio.app:39533\/typebot\/public\/workspaces\/clwf0e3e90002m103ktrohdy5\/typebots\/clzcd85d8000l9cp348uh8k7x\/hostAvatar?v=1723463423845\",\n    },\n    theme: {\n      button: { backgroundColor: \"#2F425B\", size: \"large\" },\n      chatWindow: { backgroundColor: \"rgba(255, 255, 255, 0.7)\" },\n    },\n  });\n<\/script>\n\n\n\n<p class=\"has-text-align-center\"><\/p>\n\n\n\n<h3 class=\"wp-block-heading has-text-align-center\"><big><strong>Aktuelle Informationen<\/strong><\/big><\/h3>\n\n\n\n<div class=\"wp-block-columns is-layout-flex wp-container-core-columns-is-layout-3 wp-block-columns-is-layout-flex\">\n<div class=\"wp-block-column is-layout-flow wp-block-column-is-layout-flow\" style=\"flex-basis:100%\"><\/div>\n<\/div>\n\n\n\n<div style=\"text-align: center;\" data-facts=\"\" data-ufacts=\"\"><strong>+++<\/strong><\/div>\n\n\n\n<p class=\"has-text-align-center\"><\/p>\n\n\n\n<p class=\"has-text-align-center\">+++<\/p>\n\n\n\n<p class=\"has-text-align-center\"><\/p>\n\n\n\n<div class=\"wp-block-columns is-layout-flex wp-container-core-columns-is-layout-4 wp-block-columns-is-layout-flex\">\n<div class=\"wp-block-column is-layout-flow wp-block-column-is-layout-flow\" style=\"flex-basis:100%\"><\/div>\n<\/div>\n\n\n\n<div style=\"text-align: center;\" data-facts=\"\" data-ufacts=\"\"><strong>+++<\/strong><\/div>\n\n\n\n<div style=\"text-align: center;\" data-facts=\"\" data-ufacts=\"\">&nbsp;<\/div>\n\n\n\n<p><\/p>\n\n\n\n<h3 class=\"wp-block-heading has-text-align-center\">Die &#8222;Gr\u00fcne Sprechstunde&#8220;<\/h3>\n\n\n\n<p class=\"has-text-align-center\">Ausf\u00fchrliche Beratungen mit naturheilkundlichem und pr\u00e4ventologischem Ansatz ben\u00f6tigen mehr Zeit, als in der allgemeinen Sprechstunde zur Verf\u00fcgung steht. Deshalb bieten wir hierf\u00fcr die<br> <strong>&#8222;Gr\u00fcne Sprechstunde&#8220;<\/strong> <br>an.<\/p>\n\n\n\n<p class=\"has-text-align-center\">Die &#8222;Gr\u00fcne Sprechstunde&#8220; ist eine <strong>Selbstzahlersprechstunde<\/strong> und steht Kassen- wie Privatpatienten offen. N\u00e4heres zur <a href=\"https:\/\/hausarzt-am-kurpark.de\/index.php\/naturheilverfahren\/\" data-type=\"page\" data-id=\"1411\">&#8222;Gr\u00fcnen Sprechstunde&#8220; erfahren Sie hier<\/a>.<\/p>\n\n\n\n<p><\/p>\n\n\n\n<h3 class=\"wp-block-heading has-text-align-center\">Aus Gesund im Stress wird Multi-SMaRT<\/h3>\n\n\n\n<h4 class=\"wp-block-heading has-text-align-center\">Anmeldungen sind noch m\u00f6glich<\/h4>\n\n\n\n<p class=\"has-text-align-center\">Ab 2026 wird ein neues Format des achtsamkeitsbasierten Gesundheitskurses angeboten. N\u00e4heres erfahren Sie hier:<\/p>\n\n\n\n<p class=\"has-text-align-center\"><a href=\"https:\/\/hausarzt-am-kurpark.de\/index.php\/gesund-im-stress\/\" data-type=\"page\" data-id=\"1519\">N\u00e4heres zum Kurs Multi-SMaRT<\/a><\/p>\n\n\n\n<p><\/p>\n\n\n\n<h3 class=\"wp-block-heading has-text-align-center\">Mit einem L\u00e4cheln durch den Fr\u00fchling!<\/h3>\n\n\n\n<p class=\"has-text-align-center\">F\u00fcr den n\u00e4chsten <strong>Slow-Jogging-Kurs ab 8. April 2026<\/strong> laufen die Anmeldungen!<\/p>\n\n\n\n<p class=\"has-text-align-center\"><a href=\"https:\/\/hausarzt-am-kurpark.de\/index.php\/naturheilverfahren\/slow-jogging\/\" data-type=\"page\" data-id=\"1242\">N\u00e4heres zu unseren Slow-Jogging-Kursen<\/a><\/p>\n\n\n\n<p class=\"has-text-align-center\"><strong>Ab 2026 werden auch wieder TrainerInnen-Ausbildungen im Slow Jogging angeboten!<\/strong> Anmeldungen beim <a href=\"http:\/\/www.slowjogging.de\">Deutschen Wellness Verband<\/a><\/p>\n\n\n\n<p class=\"has-text-align-center\"><br>Einf\u00fchrungen in das Slow Jogging geben wir in der Regel am <strong>1. Samstag im Monat von 15 &#8211; 16 Uhr<\/strong> im Kurpark.<br> Treffpunkt Konzertmuschel, Unkostenbeitrag 15 Euro.<strong> <\/strong><\/p>\n\n\n\n<p class=\"has-text-align-center\">Die n\u00e4chste Slow-Jogging-Einf\u00fchrung 2026 findet nach unserem Urlaub am <strong>11. April 2026<\/strong> statt!<\/p>\n\n\n\n<p><\/p>\n\n\n\n<h3 class=\"wp-block-heading has-text-align-center\">Koh\u00e4renzgruppen<\/h3>\n\n\n\n<p class=\"has-text-align-center\">Die Koh\u00e4renzgruppe kann leider mangels Kapazit\u00e4t zur Zeit nicht angeboten werden. N\u00e4heres erfahren Sie hier:<\/p>\n\n\n\n<p class=\"has-text-align-center\"><a href=\"https:\/\/hausarzt-am-kurpark.de\/index.php\/kohaerenzgruppen\/\" data-type=\"page\" data-id=\"1525\">Weitere Informationen zu den Koh\u00e4renzgruppen.<\/a><\/p>\n\n\n\n<p class=\"has-text-align-center\"><\/p>\n\n\n\n<p class=\"has-text-align-center\"><\/p>\n\n\n<h4>\u00a0<\/h4>\n<h3 style=\"text-align: center;\">Hausarztzentrierte Versorgung<\/h3>\n<p><b>Geben Sie Ihrer Gesundheit ein Zuhause \u2013 mit dem Hausarztprogramm und uns!<span class=\"Apple-converted-space\">\u00a0<\/span><\/b><b><\/b><\/p>\n<p>Schon \u00fcber 10 Millionen Patientinnen und Patienten in Deutschland haben sich bewusst f\u00fcr das Hausarztprogramm entschieden \u2013 und profitieren von einer hochwertigen, zukunftsf\u00e4higen Versorgung.<span class=\"Apple-converted-space\">\u00a0<\/span><\/p>\n<p><b>Was ist das Hausarztprogramm (Hausarztzentrierte Versorgung\/HZV)?<\/b><\/p>\n<p>Im Hausarztprogramm sind wir Ihre zentrale Anlaufstelle in allen Gesundheitsfragen. Ihre Behandlungsdaten laufen bei uns zusammen, wir behalten den \u00dcberblick \u00fcber Ihre Krankengeschichte und koordinieren Ihre Versorgung \u2013 wohnortnah, pers\u00f6nlich und immer mit Blick auf Ihre individuellen Bed\u00fcrfnisse. Das st\u00e4rkt uns als haus\u00e4rztliche Praxis und tr\u00e4gt zu unserem Fortbestehen bei. Auch die Bundesregierung sieht darin die Zukunft und plant die Einf\u00fchrung eines verbindlichen Prim\u00e4rarztsystems. Entscheiden Sie sich also schon heute f\u00fcr das bew\u00e4hrte und freiwillige Hausarztprogramm!<\/p>\n<p><b>Drei gute Gr\u00fcnde f\u00fcr Ihre Teilnahme:<\/b><\/p>\n<ul>\n<li>Ein Ansprechpartner f\u00fcr alle Gesundheitsfragen: Wir sind Ihr zentrales &#8222;Gesundheits-Zuhause&#8220; und koordinieren Ihre gesamte Behandlung.<\/li>\n<li>Nachweislich bessere Gesundheitsversorgung: Wissenschaftliche Studien belegen die Vorteile f\u00fcr Patientinnen und Patienten (mehr dazu auf neueversorgung.de).<\/li>\n<li>Mehr Zeit f\u00fcr Sie: Durch weniger B\u00fcrokratie und eine faire Verg\u00fctung bleibt uns mehr Zeit f\u00fcr das, was z\u00e4hlt: Ihre Gesundheit.<\/li>\n<li>Die Teilnahme ist f\u00fcr alle gesetzlich Versicherten kostenfrei<\/li>\n<\/ul>\n<p>Sprechen Sie uns bei Ihrem n\u00e4chsten Praxisbesuch an \u2013 wir informieren Sie gerne \u00fcber alle Vorteile und wie Sie teilnehmen k\u00f6nnen. Gemeinsam sorgen wir daf\u00fcr, dass Sie sich rundum gut betreut f\u00fchlen.<\/p>\n<p>N\u00e4heres zur Hausarztzentrierten Versorgung erfahren Sie unter: <a href=\"http:\/\/www.team-praxis.de\">www.team-praxis.de<\/a><\/p>\n<\/p>\n<p style=\"text-align: right;\"><small><span style=\"color: #999999;\"><em>Letzte Aktualisierung am: <span class=\"last-modified-timestamp\">Apr. 15, 2026 @ 16 h 07 min<\/span><\/em><\/span><\/small><\/p>\n\n\n<p><\/p>\n\n\n\n<p><\/p>\n","protected":false},"excerpt":{"rendered":"<p>Ihre Praxis f\u00fcr die haus\u00e4rztliche und integrativmedizinische Rundumbetreuung in L\u00fcneburg &nbsp; Ihre Hausarztpraxis am Kurpark Telefon: 04131 43303 Email: praxis@hausarzt-am-kurpark.de Neu: digitale Assistenten Zur Verbesserung der Erreichbarkeit der Praxis haben wir digitale Assistenten, die Sie telefonisch oder &#8211; noch komfortabler &#8211; direkt \u00fcber diese Webseite erreichen. Klicken Sie hierzu bitte auf die Sprechblase unten rechts. &hellip;<\/p>\n","protected":false},"author":1,"featured_media":0,"parent":0,"menu_order":0,"comment_status":"closed","ping_status":"closed","template":"","meta":{"footnotes":""},"class_list":["post-54","page","type-page","status-publish","hentry"],"_links":{"self":[{"href":"https:\/\/hausarzt-am-kurpark.de\/index.php\/wp-json\/wp\/v2\/pages\/54"}],"collection":[{"href":"https:\/\/hausarzt-am-kurpark.de\/index.php\/wp-json\/wp\/v2\/pages"}],"about":[{"href":"https:\/\/hausarzt-am-kurpark.de\/index.php\/wp-json\/wp\/v2\/types\/page"}],"author":[{"embeddable":true,"href":"https:\/\/hausarzt-am-kurpark.de\/index.php\/wp-json\/wp\/v2\/users\/1"}],"replies":[{"embeddable":true,"href":"https:\/\/hausarzt-am-kurpark.de\/index.php\/wp-json\/wp\/v2\/comments?post=54"}],"version-history":[{"count":762,"href":"https:\/\/hausarzt-am-kurpark.de\/index.php\/wp-json\/wp\/v2\/pages\/54\/revisions"}],"predecessor-version":[{"id":2732,"href":"https:\/\/hausarzt-am-kurpark.de\/index.php\/wp-json\/wp\/v2\/pages\/54\/revisions\/2732"}],"wp:attachment":[{"href":"https:\/\/hausarzt-am-kurpark.de\/index.php\/wp-json\/wp\/v2\/media?parent=54"}],"curies":[{"name":"wp","href":"https:\/\/api.w.org\/{rel}","templated":true}]}}