{"id":476,"date":"2019-09-01T21:24:43","date_gmt":"2019-09-01T19:24:43","guid":{"rendered":"https:\/\/hausarzt-am-kurpark.de\/?page_id=476"},"modified":"2025-10-04T12:31:48","modified_gmt":"2025-10-04T10:31:48","slug":"mind-body-medizin","status":"publish","type":"page","link":"https:\/\/hausarzt-am-kurpark.de\/index.php\/mind-body-medizin\/","title":{"rendered":"Ordnungstherapie"},"content":{"rendered":"\n<h3 class=\"wp-block-heading\">Ordnungstherapie und Gesundheitsinstitut am Kurpark<\/h3>\n\n\n<div class=\"wp-block-image\">\n<figure class=\"alignright size-large is-resized\"><img loading=\"lazy\" decoding=\"async\" width=\"1024\" height=\"768\" src=\"https:\/\/hausarzt-am-kurpark.de\/wp-content\/uploads\/2021\/08\/DSCN0224-1024x768.jpg\" alt=\"\" class=\"wp-image-1002\" style=\"width:479px;height:359px\" srcset=\"https:\/\/hausarzt-am-kurpark.de\/wp-content\/uploads\/2021\/08\/DSCN0224-1024x768.jpg 1024w, https:\/\/hausarzt-am-kurpark.de\/wp-content\/uploads\/2021\/08\/DSCN0224-300x225.jpg 300w, https:\/\/hausarzt-am-kurpark.de\/wp-content\/uploads\/2021\/08\/DSCN0224-768x576.jpg 768w, https:\/\/hausarzt-am-kurpark.de\/wp-content\/uploads\/2021\/08\/DSCN0224-1536x1152.jpg 1536w, https:\/\/hausarzt-am-kurpark.de\/wp-content\/uploads\/2021\/08\/DSCN0224-2048x1536.jpg 2048w\" sizes=\"(max-width: 1024px) 100vw, 1024px\" \/><\/figure><\/div>\n\n\n<p>Die Ordnungstherapie im naturheilkundlichen Kontext versucht, Menschen in ihrer Ganzheit zu sehen und zu behandeln sowie die Erhaltung der Gesundheit in den Mittelpunkt zu stellen. Hauptziel aller Interventionen ist die Aktivierung ihrer Selbstregulationsf\u00e4higkeit und damit der Selbstheilungskr\u00e4fte. In unserer Praxis wird die Ordnungstherapie durch das <strong>Gesundheitsinstitut am Kurpark<\/strong> repr\u00e4sentiert.<\/p>\n\n\n\n<p>Das <strong>Gesundheitsinstitut am Kurpark<\/strong> besch\u00e4ftigt sich seit April 2022 mit der Integration von gesundheitsf\u00f6rdernden Ma\u00dfnahmen, insbesondere Techniken zur Verbesserung des Kontaktes zwischen Geist und K\u00f6rper (z.B. Entspannung, Meditation, Hypnose, Kommunikation u.\u00e4) in die Gesundheitsf\u00f6rderung, Krankheitsvorbeugung, -bew\u00e4ltigung und -rehabilitation.<\/p>\n\n\n\n<p>Das Institut soll au\u00dferdem Ort des Dialoges verschiedener Akteure im Dienst an der Gesundheit sein.<\/p>\n\n\n\n<p>Kernprojekte sind der bereits etablierte Kurs <strong><a href=\"https:\/\/hausarzt-am-kurpark.de\/index.php\/gesund-im-stress\/\" data-type=\"page\" data-id=\"1519\">Gesund im Stress nach Prof. Esch<\/a><\/strong> und die <strong><a href=\"https:\/\/hausarzt-am-kurpark.de\/index.php\/kohaerenzgruppen\/\" data-type=\"page\" data-id=\"1525\">Koh\u00e4renzgruppen<\/a><\/strong> sowie Kurse und Seminare mit entsprechenden Inhalten, wie z. B. Fastenwochen und Entspannungsseminare. <\/p>\n\n\n\n<hr class=\"wp-block-separator has-css-opacity\"\/>\n\n\n\n<p> Melden Sie sich bei Interesse gerne unter: <a href=\"mailto:mbm@hausarzt-am-kurpark.de\">mbm@hausarzt-am-kurpark.de<\/a> .<br><br><em><br><\/em><\/p>\n\n\n\n<p><\/p>\n","protected":false},"excerpt":{"rendered":"<p>Ordnungstherapie und Gesundheitsinstitut am Kurpark Die Ordnungstherapie im naturheilkundlichen Kontext versucht, Menschen in ihrer Ganzheit zu sehen und zu behandeln sowie die Erhaltung der Gesundheit in den Mittelpunkt zu stellen. Hauptziel aller Interventionen ist die Aktivierung ihrer Selbstregulationsf\u00e4higkeit und damit der Selbstheilungskr\u00e4fte. In unserer Praxis wird die Ordnungstherapie durch das Gesundheitsinstitut am Kurpark repr\u00e4sentiert. Das &hellip;<\/p>\n","protected":false},"author":1,"featured_media":0,"parent":0,"menu_order":0,"comment_status":"closed","ping_status":"closed","template":"","meta":{"footnotes":""},"class_list":["post-476","page","type-page","status-publish","hentry"],"_links":{"self":[{"href":"https:\/\/hausarzt-am-kurpark.de\/index.php\/wp-json\/wp\/v2\/pages\/476"}],"collection":[{"href":"https:\/\/hausarzt-am-kurpark.de\/index.php\/wp-json\/wp\/v2\/pages"}],"about":[{"href":"https:\/\/hausarzt-am-kurpark.de\/index.php\/wp-json\/wp\/v2\/types\/page"}],"author":[{"embeddable":true,"href":"https:\/\/hausarzt-am-kurpark.de\/index.php\/wp-json\/wp\/v2\/users\/1"}],"replies":[{"embeddable":true,"href":"https:\/\/hausarzt-am-kurpark.de\/index.php\/wp-json\/wp\/v2\/comments?post=476"}],"version-history":[{"count":80,"href":"https:\/\/hausarzt-am-kurpark.de\/index.php\/wp-json\/wp\/v2\/pages\/476\/revisions"}],"predecessor-version":[{"id":2638,"href":"https:\/\/hausarzt-am-kurpark.de\/index.php\/wp-json\/wp\/v2\/pages\/476\/revisions\/2638"}],"wp:attachment":[{"href":"https:\/\/hausarzt-am-kurpark.de\/index.php\/wp-json\/wp\/v2\/media?parent=476"}],"curies":[{"name":"wp","href":"https:\/\/api.w.org\/{rel}","templated":true}]}}