{"id":1979,"date":"2023-09-21T10:55:07","date_gmt":"2023-09-21T08:55:07","guid":{"rendered":"https:\/\/hausarzt-am-kurpark.de\/?page_id=1979"},"modified":"2023-09-21T11:11:01","modified_gmt":"2023-09-21T09:11:01","slug":"neuraltherapie","status":"publish","type":"page","link":"https:\/\/hausarzt-am-kurpark.de\/index.php\/neuraltherapie\/","title":{"rendered":"Neuraltherapie"},"content":{"rendered":"<h2>Neuraltherapie<\/h2>\n<p>&nbsp;<\/p>\n<p>Die Neuraltherapie ist eine medizinische Behandlungsmethode, die auf der Annahme basiert, dass St\u00f6rungen im vegetativen Nervensystem verschiedene gesundheitliche Probleme verursachen k\u00f6nnen. Diese ganzheitliche Therapieform wurde in den 1920er Jahren von den deutschen \u00c4rzten Ferdinand und Walter Huneke entwickelt und hat seitdem weltweit Anwendung gefunden.<\/p>\n<p>Die Grundidee der Neuraltherapie ist, dass St\u00f6rungen im vegetativen Nervensystem, insbesondere im Bereich des sogenannten &#8222;St\u00f6rfeldes&#8220; (heute: \u201eneuromodulatorischer Trigger\u201c), weitreichende Auswirkungen auf den gesamten Organismus haben k\u00f6nnen. Ein St\u00f6rfeld kann beispielsweise eine Narbe, eine Entz\u00fcndung oder eine andere Gewebsver\u00e4nderung sein, die auf den ersten Blick nicht mit den auftretenden Beschwerden in Verbindung zu stehen scheint. Diese St\u00f6rfelder k\u00f6nnen die normale Funktion des Nervensystems beeintr\u00e4chtigen und so vielf\u00e4ltige gesundheitliche Probleme ausl\u00f6sen.<\/p>\n<p>Die Neuraltherapie nutzt Injektionen von lokalen Bet\u00e4ubungsmitteln, vor allem Procain 1%, um diese St\u00f6rfelder zu behandeln. Die Idee dahinter ist, dass die Bet\u00e4ubungsmittel die gest\u00f6rten Nervenbahnen vor\u00fcbergehend blockieren und so die gest\u00f6rte Kommunikation im Nervensystem unterbrechen. Dies erm\u00f6glicht es dem K\u00f6rper, sich selbst zu heilen, indem er die Funktionen wiederherstellt.<\/p>\n<p>Die Anwendungsgebiete der Neuraltherapie sind vielf\u00e4ltig. Sie wird h\u00e4ufig zur Schmerzlinderung eingesetzt, insbesondere bei chronischen Schmerzen wie R\u00fcckenschmerzen, Kopfschmerzen oder Gelenkschmerzen. Auch bei neurologischen Erkrankungen wie Migr\u00e4ne, Neuralgien oder Polyneuropathie kann Neuraltherapie eine Option sein. Dar\u00fcber hinaus wird sie bei zahlreichen anderen Gesundheitsproblemen wie Allergien, Magen-Darm-St\u00f6rungen oder Hauterkrankungen angewendet.<\/p>\n<p>Die Neuraltherapie ist eine vergleichsweise sanfte Methode, die in der Regel nur minimale Nebenwirkungen hat. Die Injektionen werden oft an bestimmten Punkten der Haut und der Muskulatur, den sogenannten &#8222;Neuraltherapiepunkten&#8220;, durchgef\u00fchrt, allerdings sind auch tiefere Injektionen, z.B. direkt an Nervenknoten des vegetativen Nervensystems, m\u00f6glich. Eine gr\u00fcndliche Untersuchung und Anamnese des Patienten sind entscheidend, um die geeigneten Stellen f\u00fcr die Injektionen zu bestimmen.<\/p>\n<p>Es ist wichtig zu betonen, dass die Neuraltherapie in der Schulmedizin nicht unumstritten ist. Es gibt Studien, die ihre Wirksamkeit in bestimmten F\u00e4llen unterst\u00fctzen, aber es fehlen auch umfassende wissenschaftliche Beweise f\u00fcr ihre Wirksamkeit in anderen Bereichen. Daher wird die Neuraltherapie oft als komplement\u00e4re Therapie neben konventionellen medizinischen Ans\u00e4tzen angewendet.<\/p>\n<p>Die Neuraltherapie bietet eine interessante Perspektive auf die Zusammenh\u00e4nge zwischen Nervensystem, St\u00f6rfeldern im K\u00f6rper und Gesundheit. Bevor Sie sich f\u00fcr diese Therapie entscheiden, sollten Sie sich umfassend beraten lassen.<\/p>\n<p>Seit September 2023 bin ich als zertifizierter Neuraltherapeut seitens der <a href=\"http:\/\/www.ignh.de\">Internationalen Gesellschaft f\u00fcr Neuraltherapie nach Huneke<\/a> f\u00fcr die Beratung und Behandlung zertifizert.<\/p>\n<p>&nbsp;<\/p>\n","protected":false},"excerpt":{"rendered":"<p>Neuraltherapie &nbsp; Die Neuraltherapie ist eine medizinische Behandlungsmethode, die auf der Annahme basiert, dass St\u00f6rungen im vegetativen Nervensystem verschiedene gesundheitliche Probleme verursachen k\u00f6nnen. Diese ganzheitliche Therapieform wurde in den 1920er Jahren von den deutschen \u00c4rzten Ferdinand und Walter Huneke entwickelt und hat seitdem weltweit Anwendung gefunden. Die Grundidee der Neuraltherapie ist, dass St\u00f6rungen im vegetativen &hellip;<\/p>\n","protected":false},"author":2,"featured_media":0,"parent":0,"menu_order":0,"comment_status":"closed","ping_status":"closed","template":"","meta":{"footnotes":""},"class_list":["post-1979","page","type-page","status-publish","hentry"],"_links":{"self":[{"href":"https:\/\/hausarzt-am-kurpark.de\/index.php\/wp-json\/wp\/v2\/pages\/1979"}],"collection":[{"href":"https:\/\/hausarzt-am-kurpark.de\/index.php\/wp-json\/wp\/v2\/pages"}],"about":[{"href":"https:\/\/hausarzt-am-kurpark.de\/index.php\/wp-json\/wp\/v2\/types\/page"}],"author":[{"embeddable":true,"href":"https:\/\/hausarzt-am-kurpark.de\/index.php\/wp-json\/wp\/v2\/users\/2"}],"replies":[{"embeddable":true,"href":"https:\/\/hausarzt-am-kurpark.de\/index.php\/wp-json\/wp\/v2\/comments?post=1979"}],"version-history":[{"count":4,"href":"https:\/\/hausarzt-am-kurpark.de\/index.php\/wp-json\/wp\/v2\/pages\/1979\/revisions"}],"predecessor-version":[{"id":1988,"href":"https:\/\/hausarzt-am-kurpark.de\/index.php\/wp-json\/wp\/v2\/pages\/1979\/revisions\/1988"}],"wp:attachment":[{"href":"https:\/\/hausarzt-am-kurpark.de\/index.php\/wp-json\/wp\/v2\/media?parent=1979"}],"curies":[{"name":"wp","href":"https:\/\/api.w.org\/{rel}","templated":true}]}}