{"id":19,"date":"2017-10-03T11:28:52","date_gmt":"2017-10-03T09:28:52","guid":{"rendered":"http:\/\/hausarzt-am-kurpark.de\/?page_id=19"},"modified":"2025-09-28T21:45:04","modified_gmt":"2025-09-28T19:45:04","slug":"team","status":"publish","type":"page","link":"https:\/\/hausarzt-am-kurpark.de\/index.php\/team\/","title":{"rendered":"Team"},"content":{"rendered":"\n<h1 class=\"wp-block-heading\">Das Team der Hausarztpraxis am Kurpark<\/h1>\n\n\n\n<div style=\"height:10px\" aria-hidden=\"true\" class=\"wp-block-spacer\"><\/div>\n\n\n\n<h2 class=\"wp-block-heading\">Dr. Stefan Kanduth<\/h2>\n\n\n\n<figure class=\"wp-block-image size-large is-resized\"><img loading=\"lazy\" decoding=\"async\" width=\"1024\" height=\"1024\" src=\"https:\/\/hausarzt-am-kurpark.de\/wp-content\/uploads\/2024\/08\/2405-600-222-1024x1024.jpg\" alt=\"\" class=\"wp-image-2366\" style=\"width:311px;height:auto\" srcset=\"https:\/\/hausarzt-am-kurpark.de\/wp-content\/uploads\/2024\/08\/2405-600-222-1024x1024.jpg 1024w, https:\/\/hausarzt-am-kurpark.de\/wp-content\/uploads\/2024\/08\/2405-600-222-300x300.jpg 300w, https:\/\/hausarzt-am-kurpark.de\/wp-content\/uploads\/2024\/08\/2405-600-222-150x150.jpg 150w, https:\/\/hausarzt-am-kurpark.de\/wp-content\/uploads\/2024\/08\/2405-600-222-768x768.jpg 768w, https:\/\/hausarzt-am-kurpark.de\/wp-content\/uploads\/2024\/08\/2405-600-222-1536x1536.jpg 1536w, https:\/\/hausarzt-am-kurpark.de\/wp-content\/uploads\/2024\/08\/2405-600-222-2048x2048.jpg 2048w\" sizes=\"(max-width: 1024px) 100vw, 1024px\" \/><\/figure>\n\n\n\n<ul class=\"wp-block-list\">\n<li>Facharzt f\u00fcr Allgemeinmedizin<\/li>\n\n\n\n<li>Facharzt f\u00fcr Chirurgie<\/li>\n\n\n\n<li>Facharzt f\u00fcr Gef\u00e4\u00dfchirurgie<\/li>\n\n\n\n<li>Naturheilverfahren<\/li>\n\n\n\n<li>Neuraltharapie nach Huneke<\/li>\n\n\n\n<li>MBM-Therapeut<\/li>\n\n\n\n<li>Notfallmedizin<\/li>\n<\/ul>\n\n\n\n<p class=\"has-text-align-left\">Ich bin seit 1998 \u00e4rztlich t\u00e4tig. Nach Facharztausbildungen in Chirurgie und Gef\u00e4\u00dfchirurgie, immer begleitet von der Notarztt\u00e4tigkeit, habe ich 2015 beschlossen, meinen Weg in die ambulante Versorgung zu gehen und die Weiterbildung zum Facharzt f\u00fcr Allgemeinmedizin zu absolvieren. Seit 2017 f\u00fchre ich die &#8222;Hausarztpraxis am Kurpark&#8220;.<\/p>\n\n\n\n<p class=\"has-text-align-left\">In meiner langj\u00e4hrigen klinischen T\u00e4tigkeit habe ich den Eindruck gewonnen, dass Wechselbeziehungen von K\u00f6rper, Geist und Seele in unserem medizinischen System oft nicht ausreichend ber\u00fccksichtigt werden. Daher lege ich in meiner Praxis neben schulmedizinischer Diagnostik und Therapie besonderen Wert auf psychosomatische Aspekte und die Kommunikation. Mein Anliegen ist, Sie nicht nur k\u00f6rperlich, sondern auch seelisch durch Krankheits- bzw. Gesundungsprozesse zu begleiten.<\/p>\n\n\n\n<p>Neben meiner \u00e4rztlichen T\u00e4tigkeit habe ich eine Ausbildung in Mind-Body-Medizin, die Aspekte der Verbindung von K\u00f6rper und Geist (z.B. Meditation und Hypnose) zur Beeinflussung der Gesundheit nutzt. Zuletzt habe ich die Ausbildung zur Zusatzbezeichnung &#8222;Naturheilverfahren&#8220; absolviert, um die Ausrichtung der Praxis auf integrative Medizin als Ausdruck einer achtsamen Gesundheitsversorgung zu intensivieren. Im Rahmen der speziellen Naturheilverfahren nutze ich unter anderem die Neuraltherapie als Regulationsverfahren. Auch hierf\u00fcr war eine mehrj\u00e4hrige Ausbildung erforderlich.<\/p>\n\n\n\n<p>Hier finden Sie N\u00e4heres zur <a href=\"https:\/\/hausarzt-am-kurpark.de\/index.php\/integrativmedizin\/\">Praxisphilosophie<\/a>.<\/p>\n\n\n\n<h2 class=\"wp-block-heading\">\u00c4rztin in Weiterbildung<\/h2>\n\n\n\n<ul class=\"wp-block-list\">\n<li>Lisa Pfaffenrath, Weiterbildungsassistentin Allgemeinmedizin, letztes Ausbildungsjahr<\/li>\n<\/ul>\n\n\n\n<div style=\"height:10px\" aria-hidden=\"true\" class=\"wp-block-spacer\"><\/div>\n\n\n\n<h2 class=\"wp-block-heading\">Medizinische Fachangestellte (MFA)<\/h2>\n\n\n\n<div style=\"height:10px\" aria-hidden=\"true\" class=\"wp-block-spacer\"><\/div>\n\n\n\n<figure class=\"wp-block-image size-large is-resized\"><img loading=\"lazy\" decoding=\"async\" width=\"1024\" height=\"1024\" src=\"https:\/\/hausarzt-am-kurpark.de\/wp-content\/uploads\/2024\/08\/2405-600-122-1024x1024.jpg\" alt=\"\" class=\"wp-image-2361\" style=\"width:306px;height:306px\" srcset=\"https:\/\/hausarzt-am-kurpark.de\/wp-content\/uploads\/2024\/08\/2405-600-122-1024x1024.jpg 1024w, https:\/\/hausarzt-am-kurpark.de\/wp-content\/uploads\/2024\/08\/2405-600-122-300x300.jpg 300w, https:\/\/hausarzt-am-kurpark.de\/wp-content\/uploads\/2024\/08\/2405-600-122-150x150.jpg 150w, https:\/\/hausarzt-am-kurpark.de\/wp-content\/uploads\/2024\/08\/2405-600-122-768x768.jpg 768w, https:\/\/hausarzt-am-kurpark.de\/wp-content\/uploads\/2024\/08\/2405-600-122-1536x1536.jpg 1536w, https:\/\/hausarzt-am-kurpark.de\/wp-content\/uploads\/2024\/08\/2405-600-122-2048x2048.jpg 2048w\" sizes=\"(max-width: 1024px) 100vw, 1024px\" \/><\/figure>\n\n\n\n<ul class=\"wp-block-list\">\n<li>Frau Maack: Empfang<\/li>\n<\/ul>\n\n\n\n<figure class=\"wp-block-image size-large is-resized\"><img loading=\"lazy\" decoding=\"async\" width=\"1024\" height=\"1024\" src=\"https:\/\/hausarzt-am-kurpark.de\/wp-content\/uploads\/2024\/08\/2405-600-83-1024x1024.jpg\" alt=\"\" class=\"wp-image-2360\" style=\"width:312px;height:auto\" srcset=\"https:\/\/hausarzt-am-kurpark.de\/wp-content\/uploads\/2024\/08\/2405-600-83-1024x1024.jpg 1024w, https:\/\/hausarzt-am-kurpark.de\/wp-content\/uploads\/2024\/08\/2405-600-83-300x300.jpg 300w, https:\/\/hausarzt-am-kurpark.de\/wp-content\/uploads\/2024\/08\/2405-600-83-150x150.jpg 150w, https:\/\/hausarzt-am-kurpark.de\/wp-content\/uploads\/2024\/08\/2405-600-83-768x768.jpg 768w, https:\/\/hausarzt-am-kurpark.de\/wp-content\/uploads\/2024\/08\/2405-600-83-1536x1536.jpg 1536w, https:\/\/hausarzt-am-kurpark.de\/wp-content\/uploads\/2024\/08\/2405-600-83-2048x2048.jpg 2048w\" sizes=\"(max-width: 1024px) 100vw, 1024px\" \/><\/figure>\n\n\n\n<ul class=\"wp-block-list\">\n<li>Frau App: Administration, Abrechnung<\/li>\n<\/ul>\n\n\n\n<p>Frau Christoph: Labor<\/p>\n\n\n\n<p>Frau Sch\u00f6nberg: VerAH (Versorgungsassistentin in der Hausarztpraxis), <br>N\u00e4PA (Nicht\u00e4rztliche Praxisassistentin)<\/p>\n\n\n\n<p>Frau Hanson: MFA Auszubildende 2. Lehrjahr<\/p>\n\n\n\n<h2 class=\"wp-block-heading\">Weitere Mitarbeiter<\/h2>\n\n\n\n<figure class=\"wp-block-image size-large is-resized\"><img loading=\"lazy\" decoding=\"async\" width=\"1024\" height=\"768\" src=\"https:\/\/hausarzt-am-kurpark.de\/wp-content\/uploads\/2024\/06\/2405-600-265-1024x768.jpg\" alt=\"\" class=\"wp-image-2305\" style=\"aspect-ratio:1.3333333333333333;width:307px;height:auto\" srcset=\"https:\/\/hausarzt-am-kurpark.de\/wp-content\/uploads\/2024\/06\/2405-600-265-1024x768.jpg 1024w, https:\/\/hausarzt-am-kurpark.de\/wp-content\/uploads\/2024\/06\/2405-600-265-300x225.jpg 300w, https:\/\/hausarzt-am-kurpark.de\/wp-content\/uploads\/2024\/06\/2405-600-265-768x576.jpg 768w, https:\/\/hausarzt-am-kurpark.de\/wp-content\/uploads\/2024\/06\/2405-600-265-1536x1152.jpg 1536w, https:\/\/hausarzt-am-kurpark.de\/wp-content\/uploads\/2024\/06\/2405-600-265-2048x1536.jpg 2048w\" sizes=\"(max-width: 1024px) 100vw, 1024px\" \/><\/figure>\n\n\n\n<ul class=\"wp-block-list\">\n<li>Praxisdackel Bente: Tr\u00f6sten und Erheitern<\/li>\n<\/ul>\n\n\n\n<div style=\"height:10px\" aria-hidden=\"true\" class=\"wp-block-spacer\"><\/div>\n\n\n\n<p class=\"has-text-align-right has-text-color\" style=\"color:#c6c6c6\"><small><em>Letzte Aktualisierung am: <span class=\"last-modified-timestamp\">Sep. 28, 2025 @ 21 h 45 min<\/span><\/em><\/small><\/p>\n","protected":false},"excerpt":{"rendered":"<p>Das Team der Hausarztpraxis am Kurpark Dr. Stefan Kanduth Ich bin seit 1998 \u00e4rztlich t\u00e4tig. Nach Facharztausbildungen in Chirurgie und Gef\u00e4\u00dfchirurgie, immer begleitet von der Notarztt\u00e4tigkeit, habe ich 2015 beschlossen, meinen Weg in die ambulante Versorgung zu gehen und die Weiterbildung zum Facharzt f\u00fcr Allgemeinmedizin zu absolvieren. Seit 2017 f\u00fchre ich die &#8222;Hausarztpraxis am Kurpark&#8220;. &hellip;<\/p>\n","protected":false},"author":1,"featured_media":0,"parent":0,"menu_order":0,"comment_status":"closed","ping_status":"closed","template":"","meta":{"footnotes":""},"class_list":["post-19","page","type-page","status-publish","hentry"],"_links":{"self":[{"href":"https:\/\/hausarzt-am-kurpark.de\/index.php\/wp-json\/wp\/v2\/pages\/19"}],"collection":[{"href":"https:\/\/hausarzt-am-kurpark.de\/index.php\/wp-json\/wp\/v2\/pages"}],"about":[{"href":"https:\/\/hausarzt-am-kurpark.de\/index.php\/wp-json\/wp\/v2\/types\/page"}],"author":[{"embeddable":true,"href":"https:\/\/hausarzt-am-kurpark.de\/index.php\/wp-json\/wp\/v2\/users\/1"}],"replies":[{"embeddable":true,"href":"https:\/\/hausarzt-am-kurpark.de\/index.php\/wp-json\/wp\/v2\/comments?post=19"}],"version-history":[{"count":79,"href":"https:\/\/hausarzt-am-kurpark.de\/index.php\/wp-json\/wp\/v2\/pages\/19\/revisions"}],"predecessor-version":[{"id":2633,"href":"https:\/\/hausarzt-am-kurpark.de\/index.php\/wp-json\/wp\/v2\/pages\/19\/revisions\/2633"}],"wp:attachment":[{"href":"https:\/\/hausarzt-am-kurpark.de\/index.php\/wp-json\/wp\/v2\/media?parent=19"}],"curies":[{"name":"wp","href":"https:\/\/api.w.org\/{rel}","templated":true}]}}