{"id":1876,"date":"2024-02-03T19:08:45","date_gmt":"2024-02-03T18:08:45","guid":{"rendered":"https:\/\/hausarzt-am-kurpark.de\/?page_id=1876"},"modified":"2024-08-10T18:11:01","modified_gmt":"2024-08-10T16:11:01","slug":"laechelnd-durch-den-alltag","status":"publish","type":"page","link":"https:\/\/hausarzt-am-kurpark.de\/index.php\/mind-body-medizin\/laechelnd-durch-den-alltag\/","title":{"rendered":"L\u00e4chelnd durch den Alltag-Herzgesund leben!"},"content":{"rendered":"\n<p><em>Diese Kurse werden bis auf weiteres nur auf Anfrage durchgef\u00fchrt!<\/em><\/p>\n\n\n<h1>L\u00e4chelnd durch den Alltag-Herzgesund leben!<\/h1>\n<h2><span style=\"font-size: revert; font-weight: revert;\">Lebensfreude entwickeln trotz Bluthochdruck, Rhytmusst\u00f6rung oder Herzerkrankung!<\/span><\/h2>\n<div class=\"page\" title=\"Page 1\">\n<div class=\"section\">\n<div class=\"layoutArea\">\n<div class=\"column\">\n<h3>Mit 8 Modulen das Herz und das Leben selbst in die Hand nehmen.<br \/><img class=\"alignright\" \/><img class=\"alignright\" \/><\/h3>\n<div class=\"page\" title=\"Page 3\">\n<div class=\"section\">\n<div class=\"layoutArea\">\n<div class=\"column\">\n<div class=\"page\" title=\"Page 1\">\n<div class=\"section\">\n<div class=\"layoutArea\">\n<div class=\"column\">\n<p>Zielgruppe dieses Trainings sind Personen, die etwas f\u00fcr ihre Herzgesundheit tun wollen. M\u00f6glicherweise besteht schon eine Herzerkrankung, ein zu hoher Blutdruck oder Cholesterinwert, ein durchgemachter Herzinfarkt oder eine Stenteinbringung in eine Herzkranzarterie. Viele Patienten sp\u00fcren, dass das alleinige Einnehmen von Medikamenten nicht ausreicht, um wieder zu Gesundheit und Lebensfreude zur\u00fcckzukehren. Oft bestehen \u00c4ngste vor einer ersten oder erneuten Herzattacke oder einem Schlaganfall.\u00a0<\/p>\n<p>Dieser Kurs soll Ihnen helfen, das Steuer Ihres Lebensschiffes wieder selbst in die Hand zu nehmen und einen guten Kurs in Richtung Gesundheit einzuschlagen.<\/p>\n<p>In jedem Modul werden einzelne Lebensaspekte aufgegriffen und im Hinblick auf die Herzgesundheit beleuchtet. Anleitungen zur Selbstreflexion und zu Entspannungs\u00fcbungen, die sich leicht in den Alltag integrieren lassen, bringen Sie Schritt f\u00fcr Schritt mit Ihrem neuen, ges\u00fcnderen Leben in Kontakt. Damit steigt Ihre Lebensqualit\u00e4t und sinkt das Risiko.<\/p>\n<\/div>\n<\/div>\n<\/div>\n<\/div>\n<p>Der Kurs besteht aus 8 Modulen \u00e0 ca. 90 Minuten:<\/p>\n<\/div>\n<\/div>\n<\/div>\n<\/div>\n<\/div>\n<\/div>\n<\/div>\n<\/div>\n\n\n<h4 class=\"wp-block-heading\">Das vorl\u00e4ufige Kursprogramm f\u00fcr &#8222;L\u00e4chelnd durch den Alltag &#8211; Herzgesund leben!&#8220; (\u00c4nderungen m\u00f6glich):<\/h4>\n\n\n\n<p><strong>Die Kurse finden zur Zeit nur auf Anfrage statt<\/strong><\/p>\n\n\n\n<p>Alle Kurstermine \u2013 au\u00dfer den genannten Ausnahmen \u2013 montags, 18:30 Uhr bis ca. 20:00 Uhr.<\/p>\n\n\n\n<figure class=\"wp-block-table\"><table><tbody><tr><td>1<\/td><td>Einf\u00fchrung in das Thema: Herzgesundheit<\/td><\/tr><tr><td>2<\/td><td>Stress in Balance &#8211; der Einfluss von Stress auf die Herzgesundheit<\/td><\/tr><tr><td>3<\/td><td>Schlecht drauf &#8211; nein danke: wie sich schlechte Stimmung, Depression und Feindseligkeit auf das Herz auswirken.<\/td><\/tr><tr><td>4<\/td><td>Ern\u00e4hrung: Herzgesund und trotzdem lustvoll essen.<\/td><\/tr><tr><td>5<\/td><td>Anregungen f\u00fcr ein bewegtes und herzgesundes Leben.<\/td><\/tr><tr><td>6<\/td><td>Gut drauf &#8211; ja bitte: die Rolle der Lebensfreude f\u00fcr die Herzgesundheit<\/td><\/tr><tr><td>7<\/td><td>Die Rolle der Beziehung in der Herzgesundheit<\/td><\/tr><tr><td>8<\/td><td>Raus ins Leben: Meine Gesundheitsziele<\/td><\/tr><\/tbody><\/table><\/figure>\n\n\n<p><span style=\"font-size: 2rem;\">Organisatorisches:<\/span><\/p>\n<p>Teilnehmer: 6-10 Personen<\/p>\n<p>Ort: Gesundheitsinstitut am Kurpark (Hausarzt am Kurpark), 1. Etage, Soltauer Str. 15, 21335 L\u00fcneburg<\/p>\n<p>Kosten: 280 Euro.<\/p>\n<p><strong>\u00a0<\/strong><\/p>\n<p>Anmeldung in jedem Fall schriftlich (Post, Fax, Email oder pers\u00f6nlich)! Die Anmeldung wird erst nach \u00dcberweisung der Kursgeb\u00fchr auf das Konto IBAN DE46 3006 0601 0505 2540 94 g\u00fcltig. Verwendungszweck: &#8222;Name des Teilnehmers, Herzgesund leben&#8220;.<\/p>\n<p>Die Zertifizierung nach \u00a7 20 SGB V als Pr\u00e4ventionskurs bei der ZPP (Zentrale Pr\u00fcfstelle Pr\u00e4vention der Krankenkassen) ist erfolgt (Kurs-ID: KU-ST-Y3NGV8), bitte erfragen Sie bei Ihrer Krankenkasse, inwieweit eine F\u00f6rderung m\u00f6glich ist. \u00a0<\/p>\n<div class=\"layoutArea\">\n<div class=\"column\">\u00a0<\/div>\n<\/div>","protected":false},"excerpt":{"rendered":"<p>Diese Kurse werden bis auf weiteres nur auf Anfrage durchgef\u00fchrt! L\u00e4chelnd durch den Alltag-Herzgesund leben! Lebensfreude entwickeln trotz Bluthochdruck, Rhytmusst\u00f6rung oder Herzerkrankung! Mit 8 Modulen das Herz und das Leben selbst in die Hand nehmen. Zielgruppe dieses Trainings sind Personen, die etwas f\u00fcr ihre Herzgesundheit tun wollen. M\u00f6glicherweise besteht schon eine Herzerkrankung, ein zu hoher &hellip;<\/p>\n","protected":false},"author":2,"featured_media":0,"parent":476,"menu_order":0,"comment_status":"closed","ping_status":"closed","template":"","meta":{"footnotes":""},"class_list":["post-1876","page","type-page","status-publish","hentry"],"_links":{"self":[{"href":"https:\/\/hausarzt-am-kurpark.de\/index.php\/wp-json\/wp\/v2\/pages\/1876"}],"collection":[{"href":"https:\/\/hausarzt-am-kurpark.de\/index.php\/wp-json\/wp\/v2\/pages"}],"about":[{"href":"https:\/\/hausarzt-am-kurpark.de\/index.php\/wp-json\/wp\/v2\/types\/page"}],"author":[{"embeddable":true,"href":"https:\/\/hausarzt-am-kurpark.de\/index.php\/wp-json\/wp\/v2\/users\/2"}],"replies":[{"embeddable":true,"href":"https:\/\/hausarzt-am-kurpark.de\/index.php\/wp-json\/wp\/v2\/comments?post=1876"}],"version-history":[{"count":27,"href":"https:\/\/hausarzt-am-kurpark.de\/index.php\/wp-json\/wp\/v2\/pages\/1876\/revisions"}],"predecessor-version":[{"id":2347,"href":"https:\/\/hausarzt-am-kurpark.de\/index.php\/wp-json\/wp\/v2\/pages\/1876\/revisions\/2347"}],"up":[{"embeddable":true,"href":"https:\/\/hausarzt-am-kurpark.de\/index.php\/wp-json\/wp\/v2\/pages\/476"}],"wp:attachment":[{"href":"https:\/\/hausarzt-am-kurpark.de\/index.php\/wp-json\/wp\/v2\/media?parent=1876"}],"curies":[{"name":"wp","href":"https:\/\/api.w.org\/{rel}","templated":true}]}}