{"id":1525,"date":"2022-09-04T10:49:54","date_gmt":"2022-09-04T08:49:54","guid":{"rendered":"https:\/\/hausarzt-am-kurpark.de\/?page_id=1525"},"modified":"2024-12-22T21:49:58","modified_gmt":"2024-12-22T20:49:58","slug":"kohaerenzgruppen","status":"publish","type":"page","link":"https:\/\/hausarzt-am-kurpark.de\/index.php\/kohaerenzgruppen\/","title":{"rendered":"Koh\u00e4renzgruppen"},"content":{"rendered":"\n<h2 class=\"wp-block-heading\">Koh\u00e4renzgruppen<\/h2>\n\n\n\n<h5 class=\"wp-block-heading\">Selbsthilfe zum Gesundwerden und Gesundbleiben<\/h5>\n\n\n<div class=\"wp-block-image is-resized\">\n<figure class=\"alignright size-large\"><img loading=\"lazy\" decoding=\"async\" width=\"1024\" height=\"768\" src=\"https:\/\/hausarzt-am-kurpark.de\/wp-content\/uploads\/2022\/02\/DSCN0173-1024x768.jpg\" alt=\"\" class=\"wp-image-1283\" srcset=\"https:\/\/hausarzt-am-kurpark.de\/wp-content\/uploads\/2022\/02\/DSCN0173-1024x768.jpg 1024w, https:\/\/hausarzt-am-kurpark.de\/wp-content\/uploads\/2022\/02\/DSCN0173-300x225.jpg 300w, https:\/\/hausarzt-am-kurpark.de\/wp-content\/uploads\/2022\/02\/DSCN0173-768x576.jpg 768w, https:\/\/hausarzt-am-kurpark.de\/wp-content\/uploads\/2022\/02\/DSCN0173.jpg 1440w\" sizes=\"(max-width: 1024px) 100vw, 1024px\" \/><\/figure><\/div>\n\n\n<p>Seit September 2023 biete ich in den neugestalteten R\u00e4umen im Obergeschoss der Praxis in  regelm\u00e4\u00dfigen Abst\u00e4nden Koh\u00e4renzgruppen an. Angesprochen sind Personen mit Erkrankungen oder Beschwerden jedweder Art, die mithilfe bewusstseinsmedizinischer Verfahren (Gruppengespr\u00e4ch, Meditation, Hypnose, Entspannungstechniken, kognitiver Umstrukturierung u.v.m.) einen besseren Umgang mit der Erkrankung erlernen und ein St\u00fcck Selbstbestimmtheit wiedererlangen oder ihre Gesundheit damit erhalten m\u00f6chten. Ziel ist der Aufbau bzw. die Verbesserung eines Koh\u00e4renzgef\u00fchls im Sinne der Salutogenese nach A. Antonovsky.<\/p>\n\n\n\n<p>Die Teilnahme ist kostenlos, um einen freiwilligen Unkostenbeitrag wird gebeten. Eine Anmeldung ist nicht erforderlich<\/p>\n\n\n\n<p>N\u00e4chste Termine und Themen: s. Startseite<\/p>\n","protected":false},"excerpt":{"rendered":"<p>Koh\u00e4renzgruppen Selbsthilfe zum Gesundwerden und Gesundbleiben Seit September 2023 biete ich in den neugestalteten R\u00e4umen im Obergeschoss der Praxis in regelm\u00e4\u00dfigen Abst\u00e4nden Koh\u00e4renzgruppen an. Angesprochen sind Personen mit Erkrankungen oder Beschwerden jedweder Art, die mithilfe bewusstseinsmedizinischer Verfahren (Gruppengespr\u00e4ch, Meditation, Hypnose, Entspannungstechniken, kognitiver Umstrukturierung u.v.m.) einen besseren Umgang mit der Erkrankung erlernen und ein St\u00fcck Selbstbestimmtheit &hellip;<\/p>\n","protected":false},"author":2,"featured_media":0,"parent":0,"menu_order":0,"comment_status":"closed","ping_status":"closed","template":"","meta":{"footnotes":""},"class_list":["post-1525","page","type-page","status-publish","hentry"],"_links":{"self":[{"href":"https:\/\/hausarzt-am-kurpark.de\/index.php\/wp-json\/wp\/v2\/pages\/1525"}],"collection":[{"href":"https:\/\/hausarzt-am-kurpark.de\/index.php\/wp-json\/wp\/v2\/pages"}],"about":[{"href":"https:\/\/hausarzt-am-kurpark.de\/index.php\/wp-json\/wp\/v2\/types\/page"}],"author":[{"embeddable":true,"href":"https:\/\/hausarzt-am-kurpark.de\/index.php\/wp-json\/wp\/v2\/users\/2"}],"replies":[{"embeddable":true,"href":"https:\/\/hausarzt-am-kurpark.de\/index.php\/wp-json\/wp\/v2\/comments?post=1525"}],"version-history":[{"count":17,"href":"https:\/\/hausarzt-am-kurpark.de\/index.php\/wp-json\/wp\/v2\/pages\/1525\/revisions"}],"predecessor-version":[{"id":2467,"href":"https:\/\/hausarzt-am-kurpark.de\/index.php\/wp-json\/wp\/v2\/pages\/1525\/revisions\/2467"}],"wp:attachment":[{"href":"https:\/\/hausarzt-am-kurpark.de\/index.php\/wp-json\/wp\/v2\/media?parent=1525"}],"curies":[{"name":"wp","href":"https:\/\/api.w.org\/{rel}","templated":true}]}}