{"id":1519,"date":"2022-09-04T10:36:23","date_gmt":"2022-09-04T08:36:23","guid":{"rendered":"https:\/\/hausarzt-am-kurpark.de\/?page_id=1519"},"modified":"2026-03-14T12:28:53","modified_gmt":"2026-03-14T11:28:53","slug":"gesund-im-stress","status":"publish","type":"page","link":"https:\/\/hausarzt-am-kurpark.de\/index.php\/gesund-im-stress\/","title":{"rendered":"Aus &#8222;Gesund im Stress&#8220; wird &#8222;Multi-SMaRT&#8220;"},"content":{"rendered":"\n<h2 class=\"wp-block-heading\">Aus &#8222;Gesund im Stress&#8220; wird &#8222;Multi-SMaRT&#8220;<\/h2>\n\n\n\n<p>Etwa 100 Teilnehmer haben in 10 &#8222;Gesund im Stress&#8220;-Kursen von dem multimodalen Programm profitiert. Im Juli 2025 wurde das Programm &#8222;Multi-SMaRT&#8220; des Mind-Body-Medizin-Teams der Kliniken Essen Mitte von der Zentralen Pr\u00fcfstelle Pr\u00e4vention (ZPP) zertifiziert und ist somit nach \u00a720 SGB V durch die gesetzlichen Krankenkassen f\u00f6rderungsf\u00e4hig.<\/p>\n\n\n\n<p>Das 10-w\u00f6chige Programm beruht auf dem Konzept der MICOM (Mind-Body-Medicine-in-Integrative-and-Complementary-Medicine) und bezeichnet einen modernen, wissenschaftlich fundierten Therapieansatz, der K\u00f6rper und Geist verbindet, um die Selbstheilungskr\u00e4fte und Selbstwirksamkeit zu st\u00e4rken.Der Ansatz kombiniert bew\u00e4hrte Methoden aus der Psychologie, Ern\u00e4hrungswissenschaft, Physiologie und Sportwissenschaft mit Verfahren der Komplement\u00e4rmedizin wie Achtsamkeits\u00fcbungen, Yoga und Entspannungstechniken. Ziel ist es, einen ges\u00fcnderen Lebensstil zu f\u00f6rdern, Stress zu reduzieren und die Krankheitsbew\u00e4ltigung zu verbessern, indem die Wechselwirkung zwischen mentalen Prozessen und k\u00f6rperlicher Gesundheit genutzt wird.&nbsp;<\/p>\n\n\n\n<p>MICOM ist das Konzept, in dem ich 2019 in Essen als MBM-Therapeut ausgebildet wurde. Ich habe mich daher entschieden, k\u00fcnftig dieses Programm anzubieten<\/p>\n\n\n\n<h3 class=\"wp-block-heading\">Multi-SMaRT &#8211; Multimodales Stressmanagement und Resilienztraining nach Dr. Anna Paul<\/h3>\n\n\n<div class=\"wp-block-image\">\n<figure class=\"alignright size-large is-resized\"><img loading=\"lazy\" decoding=\"async\" width=\"1024\" height=\"768\" src=\"https:\/\/hausarzt-am-kurpark.de\/wp-content\/uploads\/2021\/08\/DSCN0230-1024x768.jpg\" alt=\"\" class=\"wp-image-997\" style=\"width:451px;height:338px\" srcset=\"https:\/\/hausarzt-am-kurpark.de\/wp-content\/uploads\/2021\/08\/DSCN0230-1024x768.jpg 1024w, https:\/\/hausarzt-am-kurpark.de\/wp-content\/uploads\/2021\/08\/DSCN0230-300x225.jpg 300w, https:\/\/hausarzt-am-kurpark.de\/wp-content\/uploads\/2021\/08\/DSCN0230-768x576.jpg 768w, https:\/\/hausarzt-am-kurpark.de\/wp-content\/uploads\/2021\/08\/DSCN0230-1536x1152.jpg 1536w, https:\/\/hausarzt-am-kurpark.de\/wp-content\/uploads\/2021\/08\/DSCN0230-2048x1536.jpg 2048w\" sizes=\"(max-width: 1024px) 100vw, 1024px\" \/><\/figure><\/div>\n\n\n<h4 class=\"wp-block-heading\">Ein achtsamkeitsbasiertes, zehnw\u00f6chiges Gesundheitstraining<\/h4>\n\n\n\n<h4 class=\"wp-block-heading\">Worum geht es im Kurs?<\/h4>\n\n\n\n<p>Bei dem Kurs handelt es sich um ein multimodales, achtsamkeitsbasiertes Programm zur Verbesserung der Stressbew\u00e4ltigung und zur Gesundheitsf\u00f6rderung.<\/p>\n\n\n\n<p>Multimodal bedeutet dabei, dass von verschiedenen Seiten aus die Reaktionsf\u00e4higkeit auf Stress verbessert wird. Speziell sind dies die Wahrnehmungsf\u00e4higkeit von Stress, die Bewertung stressausl\u00f6sender Ursachen, der Umgang mit schwierigen Gedanken und Gef\u00fchlen, die Kommunikation aber auch Einfl\u00fcsse des Lebensstils wie Bewegung und Ern\u00e4hrung sowie der Einfluss des sozialen Netzes.<\/p>\n\n\n\n<p>Achtsamkeitsbasiert bedeutet, dass Methoden der Selbstbeobachtung und Vergegenw\u00e4rtigung \u2013 das hei\u00dft der Bewusstmachung \u2013 zur Stressregulation eingesetzt werden. Dabei wird zun\u00e4chst ohne die sonst \u00fcbliche sofortige Bewertung wahrgenommen, was sich hier und jetzt tats\u00e4chlich abspielt, bzw. beobachten l\u00e4sst. Aus der Beobachterperspektive l\u00e4sst sich das automatisierte, stressausl\u00f6sende oder -versch\u00e4rfende Verhalten erkennen. Schon durch diese Distanzierung vom Verhalten und das Zur\u00fccktreten in eine Beobachterposition werden Stresssymptome gemildert. In einem weiteren Schritt wird die M\u00f6glichkeit gegeben, selbstgesteuert zu einer erw\u00fcnschten Verhaltensweise zur\u00fcckzukehren.<\/p>\n\n\n\n<p>Die F\u00e4higkeit zur Selbstbeobachtung und Vergegenw\u00e4rtigung wird durch Anleitung zu Meditationen, vor allem aber durch eine t\u00e4glich Praxis ge\u00fcbt. Deshalb ist die eigene \u00dcbung wichtiger Bestandteil des Kurses.<\/p>\n\n\n\n<p>Es geht dabei um das Erkennen einer ansonsten meist automatisch und unkontrolliert ablaufenden Stressreaktion und das bewusste Ausl\u00f6sen einer Entspannungsreaktion, die das physiologische Gegenteil der Stressreaktion darstellt.<\/p>\n\n\n\n<p>Um im Rahmen der Bewusstseinsmedizin Effekte zu erzielen, sind Verhaltens\u00e4nderungen notwendig. So m\u00fcssen die t\u00e4gliche \u00dcbungsroutine oder eine Umstellung der Ern\u00e4hrung in den Alltag integriert werden. Die Begleitung dieser Prozesse durch den Kursleiter, vor allem aber durch die Gruppe der Kursteilnehmer, ist integraler Bestandteil des Kurses. Der zehnw\u00f6chige Kurszeitraum ist &#8211; noch besser als der achtw\u00f6chige des &#8222;Gesund im Stress&#8220;-Programms &#8211; geeignet, dauerhaft Verhaltens\u00e4nderungen zu etablieren.<\/p>\n\n\n\n<p><strong>TeilnehmerInnenstimmen zum Kurs:<\/strong><\/p>\n\n\n\n<p><em>\u201e\u2026und danke Ihnen nochmals herzlich f\u00fcr die entspannte und achtsame Begleitung durch die 8 Wochen, in denen ich u.a. auch viel \u00fcber mich erfahren durfte und auch weiterhin erfahren darf! Denn auch wenn ich zuweilen immer noch treffsicher in die Stressfalle tappe, so sind die Momente fehlender Selbstf\u00fcrsorge seit dem Kursbesuch schon seltener geworden. Die Erfahrungen aus dem Kurs sowie die Kursunterlagen und Audios auf Ihrer Website sind f\u00fcr mich zu hilfreichen Begleitern geworden, um aus dem gelegentlichen Chaos des Alltags aussteigen zu k\u00f6nnen und einfach mal achtsam und \u201enur\u201c f\u00fcr mich da zu sein. Der Kurs war f\u00fcr mich r\u00fcckblickend ein voller Erfolg und ich werde ihn gern weiterempfehlen.\u201c K.P., Kurs 6<\/em><\/p>\n\n\n\n<h4 class=\"wp-block-heading\">Das Kursprogramm:<\/h4>\n\n\n\n<div class=\"wp-block-columns is-layout-flex wp-container-core-columns-is-layout-1 wp-block-columns-is-layout-flex\">\n<div class=\"wp-block-column is-layout-flow wp-block-column-is-layout-flow\" style=\"flex-basis:100%\">\n<figure class=\"wp-block-table\"><table><tbody><tr><td>Treffen Nr.<\/td><td>Datum<\/td><td>Thema\/Inhalt<\/td><\/tr><tr><td>1<\/td><td>13. April 2026<\/td><td>Einf\u00fchrung in das Kurskonzept, Verhaltens\u00e4nderung, Zielformulierung<\/td><\/tr><tr><td>2<\/td><td>20. April 2026<\/td><td>Stress- und Entspannungsreaktion<\/td><\/tr><tr><td>3<\/td><td>27. April 2026<\/td><td>Ern\u00e4hrung im Rahmen des Stressmanagements<\/td><\/tr><tr><td>4<\/td><td>4. Mai 2026<\/td><td>Wahrnehmungs- und Bewertungsgewohnheiten 1<\/td><\/tr><tr><td>5<\/td><td>11. Mai 2026<\/td><td>Wahrnehmungs- und Bewertungsgewohnheiten 2<\/td><\/tr><tr><td>6<\/td><td>18. Mai 2026<\/td><td>Kommunikation nach innen\/Inneres Team<\/td><\/tr><tr><td>7<\/td><td>1. Juni 2026<\/td><td>Kommunikation nach au\u00dfen<\/td><\/tr><tr><td>8<\/td><td>Samstag, <br>6. Juni 2026 <br>9-13 Uhr<\/td><td>Tag der Stille: Achtsamkeit und K\u00f6rperwahrnehmung<\/td><\/tr><tr><td>9<\/td><td>8. Juni 2026<\/td><td>Kommunikation nach au\u00dfen &#8211; das soziale Netz<\/td><\/tr><tr><td>10<\/td><td>15. Jun 2026<\/td><td>Res\u00fcmee und Ausblick<\/td><\/tr><\/tbody><\/table><figcaption class=\"wp-element-caption\">Kursprogramm Multi-SMaRT<\/figcaption><\/figure>\n<\/div>\n<\/div>\n\n\n\n<p><\/p>\n\n\n\n<h4 class=\"wp-block-heading\">Organisatorisches:<\/h4>\n\n\n\n<p><strong>Dauer des Kurses:<\/strong> 13. April 2026 bis 15. Juni 2026, jeweils montags, 18:30 &#8211; 20:30 Uhr, Tag der Stille am Samstag, 6. Juni, 9 &#8211; 13 Uhr.<br>Informationsabend: Montag, 16. M\u00e4rz 2026, 18:30 Uhr<br>Teilnehmer: 6-12 Personen<br>Ort: Gesundheitsinstitut am Kurpark (Hausarzt am Kurpark), 1. Etage, Soltauer Str. 15, 21335 L\u00fcneburg<\/p>\n\n\n\n<p><strong>Anmeldung:<\/strong> schriftlich per Brief oder E-Mail an <a href=\"mailto:mbm@hausarzt-am-kurpark.de\">mbm@hausarzt-am-kurpark.de<\/a>. Die Anmeldung wird erst nach \u00dcberweisung der Kursgeb\u00fchr auf das Konto IBAN DE46 3006 0601 0505 2540 94 verbindlich. Verwendungszweck: Name und Kursnummer. Ma\u00dfgebend f\u00fcr die Reservierung eines Kursplatzes ist der Eingang der Kursgeb\u00fchr.<br><br><strong>Kosten: <\/strong>360 Euro. Die Zertifizierung nach \u00a7 20 SGB V als Pr\u00e4ventionskurs bei der ZPP (Zentrale Pr\u00fcfstelle Pr\u00e4vention der Krankenkassen) ist erfolgt (Kurs-ID: KU-ST-MZV8N6), bitte erfragen Sie bei Ihrer Krankenkasse, inwieweit eine F\u00f6rderung m\u00f6glich ist.<\/p>\n\n\n\n<div data-wp-interactive=\"core\/file\" class=\"wp-block-file\"><object data-wp-bind--hidden=\"!state.hasPdfPreview\"  class=\"wp-block-file__embed\" data=\"https:\/\/hausarzt-am-kurpark.de\/wp-content\/uploads\/2025\/10\/zertifikat_KU-ST-MZV8N6-Seite-1.pdf\" type=\"application\/pdf\" style=\"width:100%;height:600px\" aria-label=\"Einbettung von zertifikat_KU-ST-MZV8N6 Seite 1.\"><\/object><a id=\"wp-block-file--media-a35645d0-8c56-43f1-b00f-ea83e841270b\" href=\"https:\/\/hausarzt-am-kurpark.de\/wp-content\/uploads\/2025\/10\/zertifikat_KU-ST-MZV8N6-Seite-1.pdf\">zertifikat_KU-ST-MZV8N6 Seite 1<\/a><a href=\"https:\/\/hausarzt-am-kurpark.de\/wp-content\/uploads\/2025\/10\/zertifikat_KU-ST-MZV8N6-Seite-1.pdf\" class=\"wp-block-file__button wp-element-button\" download aria-describedby=\"wp-block-file--media-a35645d0-8c56-43f1-b00f-ea83e841270b\">Herunterladen<\/a><\/div>\n\n\n\n<p><strong>Voraussetzungen:<\/strong> Keine, au\u00dfer ein wenig Neugier auf etwas Neues und Bereitschaft, eine halbe bis eine Stunde t\u00e4glich f\u00fcr \u00dcbungen zu reservieren.<br><\/p>\n\n\n\n<p><br><\/p>\n\n\n\n<h3 class=\"wp-block-heading\">N\u00e4chste Kurse<\/h3>\n\n\n\n<p>26. Oktober bis 21. Dezember 2026  &#8211; Termin\u00e4nderung vorbehalten<\/p>\n\n\n\n<p><\/p>\n","protected":false},"excerpt":{"rendered":"<p>Aus &#8222;Gesund im Stress&#8220; wird &#8222;Multi-SMaRT&#8220; Etwa 100 Teilnehmer haben in 10 &#8222;Gesund im Stress&#8220;-Kursen von dem multimodalen Programm profitiert. Im Juli 2025 wurde das Programm &#8222;Multi-SMaRT&#8220; des Mind-Body-Medizin-Teams der Kliniken Essen Mitte von der Zentralen Pr\u00fcfstelle Pr\u00e4vention (ZPP) zertifiziert und ist somit nach \u00a720 SGB V durch die gesetzlichen Krankenkassen f\u00f6rderungsf\u00e4hig. Das 10-w\u00f6chige Programm &hellip;<\/p>\n","protected":false},"author":2,"featured_media":0,"parent":0,"menu_order":0,"comment_status":"closed","ping_status":"closed","template":"","meta":{"footnotes":""},"class_list":["post-1519","page","type-page","status-publish","hentry"],"_links":{"self":[{"href":"https:\/\/hausarzt-am-kurpark.de\/index.php\/wp-json\/wp\/v2\/pages\/1519"}],"collection":[{"href":"https:\/\/hausarzt-am-kurpark.de\/index.php\/wp-json\/wp\/v2\/pages"}],"about":[{"href":"https:\/\/hausarzt-am-kurpark.de\/index.php\/wp-json\/wp\/v2\/types\/page"}],"author":[{"embeddable":true,"href":"https:\/\/hausarzt-am-kurpark.de\/index.php\/wp-json\/wp\/v2\/users\/2"}],"replies":[{"embeddable":true,"href":"https:\/\/hausarzt-am-kurpark.de\/index.php\/wp-json\/wp\/v2\/comments?post=1519"}],"version-history":[{"count":28,"href":"https:\/\/hausarzt-am-kurpark.de\/index.php\/wp-json\/wp\/v2\/pages\/1519\/revisions"}],"predecessor-version":[{"id":2726,"href":"https:\/\/hausarzt-am-kurpark.de\/index.php\/wp-json\/wp\/v2\/pages\/1519\/revisions\/2726"}],"wp:attachment":[{"href":"https:\/\/hausarzt-am-kurpark.de\/index.php\/wp-json\/wp\/v2\/media?parent=1519"}],"curies":[{"name":"wp","href":"https:\/\/api.w.org\/{rel}","templated":true}]}}