{"id":1443,"date":"2022-07-17T22:03:16","date_gmt":"2022-07-17T20:03:16","guid":{"rendered":"https:\/\/hausarzt-am-kurpark.de\/?page_id=1443"},"modified":"2022-10-16T20:22:34","modified_gmt":"2022-10-16T18:22:34","slug":"infos-downloads","status":"publish","type":"page","link":"https:\/\/hausarzt-am-kurpark.de\/index.php\/infos-downloads\/","title":{"rendered":"Infos &#038; Downloads"},"content":{"rendered":"\n<h1 class=\"has-text-align-left wp-block-heading\">Infos &amp; Downloads<\/h1>\n\n\n\n<h2 class=\"wp-block-heading\">Krankengeschichte \/ Anamnese zum Ausf\u00fcllen am Computer daheim<\/h2>\n\n\n\n<p>Bitte laden Sie die folgende PDF-Datei herunter. Sie k\u00f6nnen diese entweder ausdrucken, ausf\u00fcllen und bei Ihrem n\u00e4chsten Besuch mit in die Praxis bringen oder auch direkt am PC bearbeiten und uns anschlie\u00dfend per <a href=\"mailto:praxis@hausarzt-am-kurpark.de\">Email <\/a>zusenden. <\/p>\n\n\n\n<div class=\"wp-block-file\"><a id=\"wp-block-file--media-3d28f80d-e8de-4779-baa1-266c5a6a9f8d\" href=\"https:\/\/hausarzt-am-kurpark.de\/wp-content\/uploads\/2022\/07\/Anamnesebogen-Praxis-am-Kurpark-editierbar.pdf\">Anamnesebogen-Praxis-am-Kurpark-editierbar<\/a><a href=\"https:\/\/hausarzt-am-kurpark.de\/wp-content\/uploads\/2022\/07\/Anamnesebogen-Praxis-am-Kurpark-editierbar.pdf\" class=\"wp-block-file__button\" download aria-describedby=\"wp-block-file--media-3d28f80d-e8de-4779-baa1-266c5a6a9f8d\">Herunterladen<\/a><\/div>\n\n\n\n<p><\/p>\n\n\n\n<p><\/p>\n\n\n\n<p><\/p>\n\n\n\n<h3 class=\"wp-block-heading\">Slow Jogging St\u00fctzpunkt L\u00fcneburger Heide<\/h3>\n\n\n\n<div class=\"wp-block-columns is-layout-flex wp-container-core-columns-is-layout-2 wp-block-columns-is-layout-flex\">\n<div class=\"wp-block-column is-layout-flow wp-block-column-is-layout-flow\" style=\"flex-basis:100%\">\n<div class=\"wp-block-group\"><div class=\"wp-block-group__inner-container is-layout-flow wp-block-group-is-layout-flow\">\n<div class=\"wp-block-columns is-layout-flex wp-container-core-columns-is-layout-1 wp-block-columns-is-layout-flex\">\n<div class=\"wp-block-column is-layout-flow wp-block-column-is-layout-flow\" style=\"flex-basis:100%\">\n<div class=\"wp-block-media-text alignwide is-stacked-on-mobile\" style=\"grid-template-columns:18% auto\"><figure class=\"wp-block-media-text__media\"><img loading=\"lazy\" decoding=\"async\" width=\"1024\" height=\"724\" src=\"https:\/\/hausarzt-am-kurpark.de\/wp-content\/uploads\/2022\/09\/Logo-Slow-Jogging-Stu\u0308tzpunkt-2-1024x724.jpg\" alt=\"\" class=\"wp-image-1584 size-full\" srcset=\"https:\/\/hausarzt-am-kurpark.de\/wp-content\/uploads\/2022\/09\/Logo-Slow-Jogging-Stu\u0308tzpunkt-2-1024x724.jpg 1024w, https:\/\/hausarzt-am-kurpark.de\/wp-content\/uploads\/2022\/09\/Logo-Slow-Jogging-Stu\u0308tzpunkt-2-300x212.jpg 300w, https:\/\/hausarzt-am-kurpark.de\/wp-content\/uploads\/2022\/09\/Logo-Slow-Jogging-Stu\u0308tzpunkt-2-768x543.jpg 768w, https:\/\/hausarzt-am-kurpark.de\/wp-content\/uploads\/2022\/09\/Logo-Slow-Jogging-Stu\u0308tzpunkt-2-1536x1086.jpg 1536w, https:\/\/hausarzt-am-kurpark.de\/wp-content\/uploads\/2022\/09\/Logo-Slow-Jogging-Stu\u0308tzpunkt-2-2048x1448.jpg 2048w\" sizes=\"(max-width: 1024px) 100vw, 1024px\" \/><\/figure><div class=\"wp-block-media-text__content\">\n<p>In Kooperation mit dem Deutschen Wellnessverband bilden wir seit September 2022 Slow Jogging Trainer\/innen aus.<\/p>\n<\/div><\/div>\n<\/div>\n<\/div>\n<\/div><\/div>\n<\/div>\n<\/div>\n","protected":false},"excerpt":{"rendered":"<p>Infos &amp; Downloads Krankengeschichte \/ Anamnese zum Ausf\u00fcllen am Computer daheim Bitte laden Sie die folgende PDF-Datei herunter. Sie k\u00f6nnen diese entweder ausdrucken, ausf\u00fcllen und bei Ihrem n\u00e4chsten Besuch mit in die Praxis bringen oder auch direkt am PC bearbeiten und uns anschlie\u00dfend per Email zusenden. Slow Jogging St\u00fctzpunkt L\u00fcneburger Heide In Kooperation mit dem &hellip;<\/p>\n","protected":false},"author":1,"featured_media":0,"parent":0,"menu_order":0,"comment_status":"closed","ping_status":"closed","template":"","meta":{"footnotes":""},"class_list":["post-1443","page","type-page","status-publish","hentry"],"_links":{"self":[{"href":"https:\/\/hausarzt-am-kurpark.de\/index.php\/wp-json\/wp\/v2\/pages\/1443"}],"collection":[{"href":"https:\/\/hausarzt-am-kurpark.de\/index.php\/wp-json\/wp\/v2\/pages"}],"about":[{"href":"https:\/\/hausarzt-am-kurpark.de\/index.php\/wp-json\/wp\/v2\/types\/page"}],"author":[{"embeddable":true,"href":"https:\/\/hausarzt-am-kurpark.de\/index.php\/wp-json\/wp\/v2\/users\/1"}],"replies":[{"embeddable":true,"href":"https:\/\/hausarzt-am-kurpark.de\/index.php\/wp-json\/wp\/v2\/comments?post=1443"}],"version-history":[{"count":10,"href":"https:\/\/hausarzt-am-kurpark.de\/index.php\/wp-json\/wp\/v2\/pages\/1443\/revisions"}],"predecessor-version":[{"id":1644,"href":"https:\/\/hausarzt-am-kurpark.de\/index.php\/wp-json\/wp\/v2\/pages\/1443\/revisions\/1644"}],"wp:attachment":[{"href":"https:\/\/hausarzt-am-kurpark.de\/index.php\/wp-json\/wp\/v2\/media?parent=1443"}],"curies":[{"name":"wp","href":"https:\/\/api.w.org\/{rel}","templated":true}]}}