{"id":1425,"date":"2022-07-17T17:47:16","date_gmt":"2022-07-17T15:47:16","guid":{"rendered":"https:\/\/hausarzt-am-kurpark.de\/?page_id=1425"},"modified":"2022-07-17T22:36:11","modified_gmt":"2022-07-17T20:36:11","slug":"phytotherapie","status":"publish","type":"page","link":"https:\/\/hausarzt-am-kurpark.de\/index.php\/phytotherapie\/","title":{"rendered":"Phytotherapie (Pflanzenheilkunde)"},"content":{"rendered":"\n<h1 class=\"wp-block-heading\">Phytotherapie <\/h1>\n\n\n\n<p>Unter Phytotherapie versteht man die Anwendung von Arzneipflanzen sowie deren Zubereitung zur Heilung, Linderung und Pr\u00e4vention von Krankheiten bis hin zu Befindlichkeitsst\u00f6rungen. <\/p>\n\n\n\n<p>Wir sind stets bem\u00fcht Ihnen auch ein pflanzliches Pr\u00e4parat als Alternative bzw. Erg\u00e4nzung zur Linderung Ihrer Beschwerden zu nennen. <\/p>\n","protected":false},"excerpt":{"rendered":"<p>Phytotherapie Unter Phytotherapie versteht man die Anwendung von Arzneipflanzen sowie deren Zubereitung zur Heilung, Linderung und Pr\u00e4vention von Krankheiten bis hin zu Befindlichkeitsst\u00f6rungen. Wir sind stets bem\u00fcht Ihnen auch ein pflanzliches Pr\u00e4parat als Alternative bzw. Erg\u00e4nzung zur Linderung Ihrer Beschwerden zu nennen.<\/p>\n","protected":false},"author":1,"featured_media":0,"parent":0,"menu_order":0,"comment_status":"closed","ping_status":"closed","template":"","meta":{"footnotes":""},"class_list":["post-1425","page","type-page","status-publish","hentry"],"_links":{"self":[{"href":"https:\/\/hausarzt-am-kurpark.de\/index.php\/wp-json\/wp\/v2\/pages\/1425"}],"collection":[{"href":"https:\/\/hausarzt-am-kurpark.de\/index.php\/wp-json\/wp\/v2\/pages"}],"about":[{"href":"https:\/\/hausarzt-am-kurpark.de\/index.php\/wp-json\/wp\/v2\/types\/page"}],"author":[{"embeddable":true,"href":"https:\/\/hausarzt-am-kurpark.de\/index.php\/wp-json\/wp\/v2\/users\/1"}],"replies":[{"embeddable":true,"href":"https:\/\/hausarzt-am-kurpark.de\/index.php\/wp-json\/wp\/v2\/comments?post=1425"}],"version-history":[{"count":2,"href":"https:\/\/hausarzt-am-kurpark.de\/index.php\/wp-json\/wp\/v2\/pages\/1425\/revisions"}],"predecessor-version":[{"id":1457,"href":"https:\/\/hausarzt-am-kurpark.de\/index.php\/wp-json\/wp\/v2\/pages\/1425\/revisions\/1457"}],"wp:attachment":[{"href":"https:\/\/hausarzt-am-kurpark.de\/index.php\/wp-json\/wp\/v2\/media?parent=1425"}],"curies":[{"name":"wp","href":"https:\/\/api.w.org\/{rel}","templated":true}]}}