{"id":1420,"date":"2022-07-17T17:41:19","date_gmt":"2022-07-17T15:41:19","guid":{"rendered":"https:\/\/hausarzt-am-kurpark.de\/?page_id=1420"},"modified":"2022-07-17T22:42:51","modified_gmt":"2022-07-17T20:42:51","slug":"bewegung","status":"publish","type":"page","link":"https:\/\/hausarzt-am-kurpark.de\/index.php\/bewegung\/","title":{"rendered":"Bewegung"},"content":{"rendered":"\n<h1 class=\"wp-block-heading\">Bewegung<\/h1>\n\n\n\n<p>Zur Bewegungstherapie geh\u00f6ren aktive und passive Bewegungs\u00fcbungen einschlie\u00dflich Massage und Manueller Medizin. <\/p>\n\n\n\n<p>Eine ma\u00dfvolle und dem Individuum angepasste Bewegung hat einen positiven und nachgewiesenen Einfluss auf den K\u00f6rper und auf die Psyche. <\/p>\n\n\n\n<p>Wichtig ist, unabh\u00e4ngig von der Wahl der Bewegung, dass regelm\u00e4\u00dfig trainiert wird, am besten in der Form einer Kombination von Ausdauertraining, Krafttraining und Koordination. <\/p>\n\n\n\n<p>Beim <a href=\"https:\/\/hausarzt-am-kurpark.de\/index.php\/slow-jogging\/\">Slow Jogging<\/a> wird sowohl der Aspekt der Ausdauer, als auch die Koordination geschult. Mehr zum Thema Slow Jogging und unserem Kursangebot erfahren sie <a href=\"https:\/\/hausarzt-am-kurpark.de\/index.php\/slow-jogging\/\">hier<\/a>. <\/p>\n","protected":false},"excerpt":{"rendered":"<p>Bewegung Zur Bewegungstherapie geh\u00f6ren aktive und passive Bewegungs\u00fcbungen einschlie\u00dflich Massage und Manueller Medizin. Eine ma\u00dfvolle und dem Individuum angepasste Bewegung hat einen positiven und nachgewiesenen Einfluss auf den K\u00f6rper und auf die Psyche. Wichtig ist, unabh\u00e4ngig von der Wahl der Bewegung, dass regelm\u00e4\u00dfig trainiert wird, am besten in der Form einer Kombination von Ausdauertraining, Krafttraining &hellip;<\/p>\n","protected":false},"author":1,"featured_media":0,"parent":0,"menu_order":0,"comment_status":"closed","ping_status":"closed","template":"","meta":{"footnotes":""},"class_list":["post-1420","page","type-page","status-publish","hentry"],"_links":{"self":[{"href":"https:\/\/hausarzt-am-kurpark.de\/index.php\/wp-json\/wp\/v2\/pages\/1420"}],"collection":[{"href":"https:\/\/hausarzt-am-kurpark.de\/index.php\/wp-json\/wp\/v2\/pages"}],"about":[{"href":"https:\/\/hausarzt-am-kurpark.de\/index.php\/wp-json\/wp\/v2\/types\/page"}],"author":[{"embeddable":true,"href":"https:\/\/hausarzt-am-kurpark.de\/index.php\/wp-json\/wp\/v2\/users\/1"}],"replies":[{"embeddable":true,"href":"https:\/\/hausarzt-am-kurpark.de\/index.php\/wp-json\/wp\/v2\/comments?post=1420"}],"version-history":[{"count":3,"href":"https:\/\/hausarzt-am-kurpark.de\/index.php\/wp-json\/wp\/v2\/pages\/1420\/revisions"}],"predecessor-version":[{"id":1460,"href":"https:\/\/hausarzt-am-kurpark.de\/index.php\/wp-json\/wp\/v2\/pages\/1420\/revisions\/1460"}],"wp:attachment":[{"href":"https:\/\/hausarzt-am-kurpark.de\/index.php\/wp-json\/wp\/v2\/media?parent=1420"}],"curies":[{"name":"wp","href":"https:\/\/api.w.org\/{rel}","templated":true}]}}