{"id":122,"date":"2017-10-03T20:09:27","date_gmt":"2017-10-03T18:09:27","guid":{"rendered":"http:\/\/hausarzt-am-kurpark.de\/?page_id=122"},"modified":"2024-04-16T12:50:05","modified_gmt":"2024-04-16T10:50:05","slug":"datenschutzerklaerung","status":"publish","type":"page","link":"https:\/\/hausarzt-am-kurpark.de\/index.php\/datenschutzerklaerung\/","title":{"rendered":"Datenschutzerkl\u00e4rung"},"content":{"rendered":"<h1>Datenschutzerkl\u00e4rung<\/h1>\n<p>Mit dieser Datenschutzerkl\u00e4rung m\u00f6chten wir Sie \u00fcber Art, Umfang und Zweck der Verarbeitung von personenbezogenen Daten auf unserer Webseite aufkl\u00e4ren. Personenbezogene Daten sind alle Daten, die einen pers\u00f6nlichen Bezug zu Ihnen aufweisen, z. B. Name, Adresse, E-Mail-Adresse oder Nutzerverhalten.<\/p>\n<h2>Wer bei uns f\u00fcr die Datenverarbeitung verantwortlich ist<\/h2>\n<p>Verantwortlich f\u00fcr die Datenverarbeitung ist:<\/p>\n<p>Hausarzt am Kurpark<br \/>\nDr. med Stefan Kanduth<br \/>\nSoltauer Stra\u00dfe 15<br \/>\n21335 L\u00fcneburg<br \/>\nDeutschland<br \/>\n04131 43303<br \/>\npraxis@hausarzt-am-kurpark.de<br \/>\n<a href=\"https:\/\/hausarzt-am-kurpark.de\/index.php\/impressum\/\">https:\/\/hausarzt-am-kurpark.de\/index.php\/impressum\/<\/a><\/p>\n<h2>Webhosting<\/h2>\n<p>Wir bedienen uns zum Vorhalten unserer Onlinepr\u00e4senz eines Internet-Service-Providers, auf dessen Server die Webseite gespeichert wird (Hosting) und der unsere Seite im Internet verf\u00fcgbar macht. Hierbei verarbeitet der Internet-Service-Provider in unserem Auftrag Kontaktdaten, Inhaltsdaten, Vertragsdaten, Nutzungsdaten, Bestandsdaten sowie Meta- und Kommunikationsdaten.Name und Anschrift des Internet-Service-Providers: OVH Roubaix, Frankreich Frankreich Dessen Datenschutzbestimmungen k\u00f6nnen Sie hier einsehen: https:\/\/www.ovh.de\/unternehmen\/datenschutz.xml\u00a0<strong>Rechtsgrundlage: <\/strong>Der Internet-Service-Provider verarbeitet die vorgenannten Daten in unserem Auftrag, Art. 28 DSGVO. Die Datenverarbeitung erfolgt auf Grund unseres berechtigten Interesses an einer effizienten und sicheren Bereitstellung unseres Internetangebotes ein, Art. 6 Abs. 1 lit. f) DSGVO.<\/p>\n<div class=\"ce_text block\">\n<p>Sofern Sie unsere Webseite lediglich informatorisch nutzen, werden von unserem Internet-Service-Provider nur diejenigen personenbezogenen Daten erhoben, die der von Ihnen verwendete Browser an dessen Server \u00fcbermittelt. Das sind folgende Daten:<\/p>\n<ul>\n<li>IP-Adresse<\/li>\n<li>das Datum und die Uhrzeit des Zugriffs auf unsere Internetseite<\/li>\n<li>Zeitzonendifferenz zur Greenwich Mean Time (GMT)<\/li>\n<li>Zugriffsstatus (HTTP-Status)<\/li>\n<li>die \u00fcbertragene Datenmenge<\/li>\n<li>der Internet-Service-Provider des zugreifenden Systems<\/li>\n<li>der von Ihnen verwendete Browsertyp und dessen Version<\/li>\n<li>das von Ihnen verwendete Betriebssystem<\/li>\n<li>die Internetseite, von welcher Sie gegebenenfalls auf unsere Internetseite gelangt sind<\/li>\n<li>die Seiten bzw. Unterseiten, welche Sie auf unserer Internetseite besuchen.<\/li>\n<\/ul>\n<p>Die vorgenannten Daten werden als Logfiles auf den Servern unseres Internet-Service-Providers gespeichert. Dies ist erforderlich, um die Webseite auf dem von Ihnen genutzten Endger\u00e4t darstellen zu k\u00f6nnen, sowie die Stabilit\u00e4t und Sicherheit zu gew\u00e4hrleisten. In den vorstehenden Zwecken liegt unser berechtigtes Interesse an der Datenverarbeitung. <strong>Rechtsgrundlage:\u00a0<\/strong>Die Datenverarbeitung erfolgt auf Grund unseres berechtigten Interesses an einer effizienten und sicheren Bereitstellung unseres Internetangebotes ein, Art. 6 Abs. 1 lit. f) DSGVO.\u00a0<strong>Dauer:<\/strong> Die vorstehenden Daten zur Bereitstellung unserer Webseite werden f\u00fcr die Dauer von 7 Tagen gespeichert und dann gel\u00f6scht.<\/p>\n<\/div>\n<h2>Cookies<\/h2>\n<p>Unsere Internetseite nutzt Cookies. Bei Cookies handelt es sich um kleine Textdateien, bestehend aus einer Reihe von Zahlen und Buchstaben, die auf dem von Ihnen genutzten Endger\u00e4t abgelegt und gespeichert werden. Cookies \u00fcbertragen weder Viren noch k\u00f6nnen sie Programme ausf\u00fchren. Vielmehr dienen sie vorrangig dazu, Informationen zwischen dem von Ihnen genutzten Endger\u00e4t und unserer Webseite auszutauschen, um unser Internetangebot f\u00fcr Sie nutzerfreundlicher und effektiver zu machen. Dabei ist zu unterscheiden zwischen tempor\u00e4ren (transienten) Cookies und persistenten Cookies. Zu den transienten Cookies z\u00e4hlen insbesondere die Session-Cookies. Diese speichern eine sogenannte Session-ID, mit welcher sich verschiedene Anfragen Ihres Browsers der gemeinsamen Sitzung zuordnen lassen. Dadurch erkennt unsere Webseite Ihren Rechner wieder, wenn Sie auf unsere Webseite zur\u00fcckkehren. Die Session-Cookies werden gel\u00f6scht, wenn Sie sich ausloggen oder Ihren Browser schlie\u00dfen. Persistente Cookies werden automatisiert nach einer vorgegebenen Dauer gel\u00f6scht, die sich je nach Cookie unterscheiden kann. Sie haben die M\u00f6glichkeit, diese Cookies in den Sicherheitseinstellungen Ihres Browsers jederzeit zu l\u00f6schen.<\/p>\n<p>Die Cookies dienen dazu, unsere Website nutzerfreundlicher zu gestalten. Einige Elemente unserer Internetseite erfordern es, dass der aufrufende Browser auch nach einem Seitenwechsel identifiziert werden kann. In diesen Cookies k\u00f6nnen insbesondere Informationen zu Spracheinstellungen oder Log-In-Informationen gespeichert sein.<\/p>\n<p>In den vorstehenden Zwecken liegt unser berechtigtes Interesse an der Datenverarbeitung. Rechtsgrundlage hierf\u00fcr ist Art. 6 Abs. 1 S. 1 lit. f DSGVO.<\/p>\n<p>Da die Cookies auf Ihrem Computer gespeichert werden, haben Sie als Nutzer auch die volle Kontrolle \u00fcber die Verwendung von Cookies. Sie haben die M\u00f6glichkeit, \u00fcber die Sicherheitseinstellungen Ihres Browsers festzulegen, ob Cookies \u00fcberhaupt gespeichert werden. Sie k\u00f6nnen etwa von vornherein keine oder nur auf Nachfrage Cookies akzeptieren oder aber festlegen, dass Cookies nach jedem Schlie\u00dfen Ihres Browsers gel\u00f6scht werden. Werden Cookies f\u00fcr unsere Website deaktiviert, k\u00f6nnen m\u00f6glicherweise nicht mehr alle Funktionen der Website vollumf\u00e4nglich genutzt werden.<\/p>\n<h2>Speicherdauer\/L\u00f6schung<\/h2>\n<p>Wir l\u00f6schen oder sperren Ihre personenbezogenen Daten, sobald der Zweck der Speicherung erreicht ist oder entf\u00e4llt. Eine dar\u00fcberhinausgehende Speicherung erfolgt nur, wenn uns dies durch nationale oder europ\u00e4ische Vorschriften aufgegeben wird. Eine Sperrung oder L\u00f6schung der Daten erfolgt in diesem Fall dann, wenn die in den jeweiligen Vorschriften vorgeschriebene Speicherfrist abgelaufen ist, es sei denn wir ben\u00f6tigen Ihre Daten zur Erf\u00fcllung eines zwischen uns geschlossenen Vertrages oder wenn dies zur Geltendmachung, Aus\u00fcbung oder Verteidigung von Rechtsanspr\u00fcchen erforderlich ist.<\/p>\n<h2>Angaben zu den von uns vorgehaltenen Kontaktaufnahmem\u00f6glichkeiten<\/h2>\n<p>Soweit Sie uns \u00fcber E-Mail, Soziale Medien, Telefon, Fax, Post, unser Kontaktformular oder sonstwie ansprechen und uns hierbei personenbezogene Daten wie Ihren Namen, Ihre Telefonnummer oder Ihre E-Mail-Adresse zur Verf\u00fcgung stellen oder weitere Angaben zur Ihrer Person oder Ihrem Anliegen machen, werden diese Daten zur Verarbeitung Ihrer Anfrage in unserem Hause gespeichert und weiterverarbeitet. <strong>Rechtsgrundlage<\/strong>: Sofern Sie Ihre Anfrage im Rahmen vertraglicher oder vorvertraglicher Beziehungen mit uns stellen, ist die Rechtsgrundlage f\u00fcr die Verarbeitung Ihrer Daten Art. 6 Abs. 1 lit. b. DSGVO.\u00a0Sofern Ihre\u00a0Anfrage nicht unter eine der vorgenannten Kategorien f\u00e4llt,\u00a0liegt unser berechtigtes Interesse an der Verarbeitung Ihrer Daten darin, Ihre Anfrage ordnungsgem\u00e4\u00df und in Ihrem Sinne zu beantworten, Art. 6 Abs. 1 lit. f DSGVO.\u00a0<strong>L\u00f6schung:\u00a0<\/strong>Die von uns erhobenen personenbezogenen Daten werden gel\u00f6scht, sofern sie nicht mehr erforderlich sind. Wir \u00fcberpr\u00fcfen die Erforderlichkeit alle 2 Jahre. Au\u00dferdem k\u00f6nnen Sie die Datenverarbeitung jederzeit widerrufen.<\/p>\n<h2>Ihre Rechte nach der DSGVO<\/h2>\n<p>Nach der DSGVO stehen Ihnen die nachfolgend aufgef\u00fchrten Rechte zu, die Sie jederzeit bei dem in Ziffer 1. dieser Datenschutzerkl\u00e4rung genannten Verantwortlichen geltend machen k\u00f6nnen:<\/p>\n<ul>\n<li><strong>Recht auf Auskunft:<\/strong> Sie k\u00f6nnen nach Art. 15 DSGVO eine Best\u00e4tigung dar\u00fcber verlangen, ob und welche personenbezogenen Daten wir von Ihnen verarbeiten. Dar\u00fcber hinaus k\u00f6nnen Sie von uns unentgeltlich Auskunft \u00fcber die Verarbeitungszwecke, die Kategorie der personenbezogenen Daten, die Kategorien von Empf\u00e4ngern, gegen\u00fcber denen Ihre Daten offengelegt wurden oder werden, die geplante Speicherdauer, das Bestehen eines Rechts auf Berichtigung, L\u00f6schung, Einschr\u00e4nkung der Verarbeitung oder Widerspruch, das Bestehen eines Beschwerderechts sowie die Herkunft ihrer Daten, sofern diese nicht bei uns erhoben wurden, verlangen. Ferner steht Ihnen ein Auskunftsrecht dar\u00fcber zu, ob Ihre personenbezogenen Daten an ein Drittland oder an eine internationale Organisation \u00fcbermittelt wurden. Sofern dies der Fall ist, steht Ihnen das Recht zu, Auskunft \u00fcber die geeigneten Garantien im Zusammenhang mit der \u00dcbermittlung zu erhalten.<\/li>\n<li><strong>Recht auf Berichtigung:<\/strong> Gem\u00e4\u00df Art. 16 DSGVO k\u00f6nnen Sie die Berichtigung unrichtiger oder Vervollst\u00e4ndigung unvollst\u00e4ndiger der bei uns gespeicherten und Sie betreffenden personenbezogenen Daten verlangen.<\/li>\n<li><strong>Recht auf L\u00f6schung:<\/strong> Gem\u00e4\u00df Art. 17 DSGVO steht Ihnen das Recht zu, die L\u00f6schung Ihrer bei uns gespeicherten personenbezogenen Daten zu verlangen, soweit wir deren Verarbeitung nicht zu folgenden Zwecken ben\u00f6tigen:\n<ul>\n<li>zur Erf\u00fcllung einer rechtlichen Verpflichtung,<\/li>\n<li>zur Geltendmachung, Aus\u00fcbung oder Verteidigung von Rechtsanspr\u00fcchen,<\/li>\n<li>zur Aus\u00fcbung des Rechts auf freie Meinungs\u00e4u\u00dferung und Information oder<\/li>\n<li>aus Gr\u00fcnden der in Art. 17 Abs. 3 lit c und d DSGVO genannten F\u00e4lle des \u00f6ffentlichen Interesses.<\/li>\n<\/ul>\n<\/li>\n<li><strong>Recht auf Einschr\u00e4nkung:<\/strong> Gem\u00e4\u00df Art. 18 DSGVO haben Sie das Recht, die Einschr\u00e4nkung der Verarbeitung Ihrer personenbezogenen Daten zu verlangen, wenn\n<ul>\n<li>die Richtigkeit der Daten von Ihnen bestritten wird, und zwar f\u00fcr eine Dauer, die es uns erm\u00f6glicht, die Richtigkeit der personenbezogenen Daten zu \u00fcberpr\u00fcfen,<\/li>\n<li>die Verarbeitung Ihrer Daten unrechtm\u00e4\u00dfig ist, Sie aber deren L\u00f6schung ablehnen und stattdessen die Einschr\u00e4nkung der Nutzung der Daten verlangen,<\/li>\n<li>wir die personenbezogenen Daten f\u00fcr die Zwecke der Verarbeitung nicht l\u00e4nger ben\u00f6tigen, Sie die Daten jedoch zur Geltendmachung, Aus\u00fcbung oder Verteidigung von Rechtsanspr\u00fcchen ben\u00f6tigen<\/li>\n<li>Sie gem\u00e4\u00df Art. 21 DSGVO Widerspruch gegen die Verarbeitung Ihrer Daten eingelegt haben, es aber noch nicht feststeht, ob die berechtigten Gr\u00fcnde, die uns trotz Ihres Widerspruches zu einer weiteren Verarbeitung berechtigten, Ihre Rechte \u00fcberwiegen.<\/li>\n<\/ul>\n<\/li>\n<li><strong>Recht auf Unterrichtung:<\/strong> Sofern Sie das Recht auf Berichtigung, L\u00f6schung oder Einschr\u00e4nkung der Verarbeitung gegen\u00fcber uns geltend gemacht haben, sind wir verpflichtet, allen Empf\u00e4ngern, denen gegen\u00fcber die Sie betreffenden personenbezogene Daten offengelegt wurden, die von Ihnen verlangte Berichtigung oder L\u00f6schung der Daten oder deren Einschr\u00e4nkung der Verarbeitung mitzuteilen, es sei denn, dies erweist sich als unm\u00f6glich oder ist mit einem unverh\u00e4ltnism\u00e4\u00dfigen Aufwand verbunden. Ihnen steht das Recht zu, von uns \u00fcber diese Empf\u00e4nger unterrichtet zu werden.<\/li>\n<li><strong>Recht auf Daten\u00fcbertragbarkeit:<\/strong> Gem\u00e4\u00df Art. 20 DSGVO k\u00f6nnen Sie verlangen, dass wir die Sie betreffenden personenbezogenen Daten, die Sie uns bereitgestellt haben, in einem strukturierten, g\u00e4ngigen und maschinenlesebaren Format zu erhalten oder die \u00dcbermittlung an einen anderen Verantwortlichen zu verlangen.<\/li>\n<li><strong>Beschwerderecht<\/strong>: Nach Art. 77 DSGVO haben Sie das Recht, sich bei einer Aufsichtsbeh\u00f6rde zu beschweren. Hierf\u00fcr k\u00f6nnen Sie sich an die Aufsichtsbeh\u00f6rde Ihres \u00fcblichen Aufenthaltsortes, Ihres Arbeitsplatzes oder unseres Firmensitzes wenden.<\/li>\n<\/ul>\n<h2>Widerrufsrecht<\/h2>\n<p>Gem\u00e4\u00df Art. 7 Abs. 3 DSGVO steht Ihnen das Recht zu, Ihre erteilte Einwilligung in die Verarbeitung Ihrer Daten jederzeit uns gegen\u00fcber zu widerrufen. Der von Ihnen erkl\u00e4rte Widerruf \u00e4ndert nichts an der Rechtm\u00e4\u00dfigkeit der bis zum Widerruf erfolgten Verarbeitung Ihrer personenbezogenen Daten.<\/p>\n<h2>Widerspruchsrecht<\/h2>\n<p>Sie haben das Recht, aus Gr\u00fcnden, die sich aus Ihrer besonderen Situation ergeben, jederzeit gegen die Verarbeitung der Sie betreffenden personenbezogenen Daten, die aufgrund einer Interessenabw\u00e4gung (Art. 6 Abs. 1 lit. f DSGVO) erfolgt, Widerspruch einzulegen. Dies ist insbesondere dann der Fall, wenn die Datenverarbeitung nicht zur Erf\u00fcllung eines Vertrages erforderlich ist. Sofern Sie von Ihrem Widerspruchsrecht Gebrauch machen, bitten wir Sie um die Darlegung der Gr\u00fcnde. Wir werden Ihre personenbezogenen Daten dann nicht mehr verarbeiten, es sei denn, wir k\u00f6nnen Ihnen gegen\u00fcber nachweisen, dass zwingende schutzw\u00fcrdige Gr\u00fcnde an der Datenverarbeitung Ihre Interessen und Rechte \u00fcberwiegen.<\/p>\n<p><span style=\"text-decoration: underline;\"><strong>Unabh\u00e4ngig vom vorstehend Gesagten, haben Sie das jederzeitige Recht, der Verarbeitung Ihrer personenbezogenen Daten f\u00fcr Zwecke der Werbung und Datenanalyse zu widersprechen.<\/strong><\/span><\/p>\n<p>Ihren Widerspruch richten Sie bitte an die oben angegebene Kontaktadresse des Verantwortlichen.<\/p>\n<h2>Google Maps<\/h2>\n<p>Wir nutzen auf unserer Webseite Komponenten von\u00a0 &#8222;Google Maps&#8220;, einem Dienst der Google Inc., 1600 Amphitheatre Parkway, Mountain View, CA 94043, USA (nachfolgend bezeichnet als: &#8222;Google&#8220;).<\/p>\n<p>Durch Google Maps werden geographische Informationen visuell dargestellt. Hierbei wird durch Google die IP-Adresse des Besuchers erhoben und verarbeitet. Diese wird unabh\u00e4ngig davon, ob die Nutzung von Google Maps tats\u00e4chlich erfolgt, oder Sie in Ihrem Google Account eingeloggt sind, an Google \u00fcbermittelt. Ihre IP-Adresse wird Ihrem Google Account zugeordnet, sofern Sie bei dem Besuch unserer Webseite in diesen eingeloggt sind. Diese Daten werden an externe Server von Google in den USA \u00fcbertragen. Google ist Teilnehmer des Privacy-Shield Abkommens und zur Datenverarbeitung nach europ\u00e4ischen Standards zertifiziert. Google gibt diese \u00fcber das technische Verfahren erhobenen Daten unter Umst\u00e4nden an Dritte weiter. <strong>Zweck:<\/strong> Die Einbindung von Google Maps dient der vereinfachten Visualisierung und Navigation im Rahmen eines Besuchs unseres Standorts. Die Datenverarbeitung von Google erfolgt zum Zwecke der Werbung, Marktforschung, der Gestaltung der Webseite und Bereitstellung von bedarfsgerechter Werbung. <strong>Rechtsgrundlage:<\/strong> Wir setzen Google Maps auf Grund unseres berechtigten Interesses am an der Optimierung und Gestaltung unseres Onlineangebotes ein, Art. 6 Abs. 1 lit. f DSGVO. <strong>Verhinderung:<\/strong> Sie k\u00f6nnen die Zuordnung der Daten verhindern, indem Sie auf die Verwendung von Google Maps auf unserer Webseite verzichten und sich vor Ihrem Besuch aus Ihrem Google Account ausloggen. Zudem k\u00f6nnen Sie JavaScript in Ihrem Browser deaktivieren, um die Kartenanzeige zu verhindern. Weiter verweisen wir auf die Datenschutzbestimmungen von Google unter folgendem Link <a class=\"externalLink\" href=\"https:\/\/www.google.com\/intl\/de_de\/help\/terms_maps.html\">http:\/\/www.google.com\/intl\/de_de\/help\/terms_maps.html<\/a><\/p>\n<p><strong>Informationen zum Drittanbieter:<\/strong><\/p>\n<p>Sitz innerhalb der EU: Google Dublin, Google Ireland Ltd., Gordon House, Barrow Street, Dublin 4, Ireland, Fax: +353 (1) 436 1001.<\/p>\n<ul>\n<li>Nutzerbedingungen:\u00a0<a class=\"externalLink\" href=\"https:\/\/www.google.com\/analytics\/terms\/de.html\">http:\/\/www.google.com\/analytics\/terms\/de.html<\/a><\/li>\n<li>\u00dcbersicht zum Datenschutz:\u00a0<a class=\"externalLink\" href=\"https:\/\/www.google.com\/intl\/de\/analytics\/learn\/privacy.html\">http:\/\/www.google.com\/intl\/de\/analytics\/learn\/privacy.html<\/a><\/li>\n<li>Datenschutzerkl\u00e4rung:\u00a0<a class=\"externalLink\" href=\"https:\/\/www.google.de\/intl\/de\/policies\/privacy\">http:\/\/www.google.de\/intl\/de\/policies\/privacy<\/a><\/li>\n<li>Datennutzung durch Google bei Ihrer Nutzung von Websites oder Apps unserer Partner:<a class=\"externalLink\" href=\"https:\/\/www.google.com\/intl\/de\/policies\/privacy\/partners\">https:\/\/www.google.com\/intl\/de\/policies\/privacy\/partners<\/a><\/li>\n<li>Datennutzung zu Werbezwecken:\u00a0<a class=\"externalLink\" href=\"https:\/\/www.google.com\/policies\/technologies\/ads\">http:\/\/www.google.com\/policies\/technologies\/ads<\/a><\/li>\n<li>Personalisierte Werbung durch Google:\u00a0<a class=\"externalLink\" href=\"https:\/\/www.google.de\/settings\/ads\">http:\/\/www.google.de\/settings\/ads<\/a><\/li>\n<li>Google hat sich dem zwischen der Europ\u00e4ischen Union und den USA geschlossenen\u00a0<strong>Privacy-Shield-Abkommen<\/strong>\u00a0unterworfen und sich zertifiziert. Dadurch verpflichtet sich Google, die Standards und Vorschriften des europ\u00e4ischen Datenschutzrechts einzuhalten. N\u00e4here Informationen k\u00f6nnen Sie dem nachfolgend verlinkten Eintrag entnehmen:\u00a0<a class=\"externalLink\" href=\"https:\/\/www.privacyshield.gov\/participant?id=a2zt000000001L5AAI&amp;status=Active\">https:\/\/www.privacyshield.gov\/participant?id=a2zt000000001L5AAI&amp;status=Active<\/a>.<\/li>\n<\/ul>\n<h2>Google Web Fonts<\/h2>\n<p>Wir nutzen auf unserem Internetauftritt &#8222;Google Web Fonts&#8220;, einen Dienst der Google Inc., 1600 Amphitheatre Parkway, Mountain View, CA 94043, USA<\/p>\n<p>Der Dienst erm\u00f6glicht es uns,\u00a0die Darstellung externer Schriftarten (Web Fonts) in das Design unserer Webseite einzubinden und diese bei der Darstellung der Webseite korrekt auszugeben. Dadurch stehen uns bestimmte gestalterische M\u00f6glichkeit offen, mit denen wir das Design unserer Webseite nutzerfreundlicher machen wollen. Die Einbindung dieser Web Fonts erfolgt durch einen Serveraufruf. Von diesem Server werden die Schriftarten komprimiert an Ihren Browser ausgeliefert und dort entpackt. Regelm\u00e4\u00dfig befindet sich dieser Server in den USA. Besuchen Sie eine unserer Seiten\u00a0auf\u00a0denen wir Google Fonts einbinden, wird an Google \u00fcbermittelt, welche unserer Internetseiten Sie besucht haben. Zudem wird die IP-Adresse des Browsers des Endger\u00e4tes des Besuchers von Google gespeichert. <strong>Zweck:<\/strong> Die vorbenannten Interessen stellen den Zweck der Nutzung von Google Web Fonts dar. <strong>Rechtsgrundlage:<\/strong> Wir setzen Google Web Fonts auf Grund unseres berechtigten Interesses am an der Optimierung und Gestaltung unseres Onlineangebotes ein, Art. 6 Abs. 1 lit. f DSGVO<strong>.<\/strong><\/p>\n<p><strong>Informationen zum Drittanbieter:<\/strong><\/p>\n<p>Sitz innerhalb der EU: Google Dublin, Google Ireland Ltd., Gordon House, Barrow Street, Dublin 4, Ireland, Fax: +353 (1) 436 1001.<\/p>\n<ul>\n<li>Nutzerbedingungen:\u00a0<a class=\"externalLink\" href=\"https:\/\/www.google.com\/analytics\/terms\/de.html\">http:\/\/www.google.com\/analytics\/terms\/de.html<\/a><\/li>\n<li>\u00dcbersicht zum Datenschutz:\u00a0<a class=\"externalLink\" href=\"https:\/\/www.google.com\/intl\/de\/analytics\/learn\/privacy.html\">http:\/\/www.google.com\/intl\/de\/analytics\/learn\/privacy.html<\/a><\/li>\n<li>Datenschutzerkl\u00e4rung:\u00a0<a class=\"externalLink\" href=\"https:\/\/www.google.de\/intl\/de\/policies\/privacy\">http:\/\/www.google.de\/intl\/de\/policies\/privacy<\/a><\/li>\n<li>Datennutzung durch Google bei Ihrer Nutzung von Websites oder Apps unserer Partner:<a class=\"externalLink\" href=\"https:\/\/www.google.com\/intl\/de\/policies\/privacy\/partners\">https:\/\/www.google.com\/intl\/de\/policies\/privacy\/partners<\/a><\/li>\n<li>Datennutzung zu Werbezwecken:\u00a0<a class=\"externalLink\" href=\"https:\/\/www.google.com\/policies\/technologies\/ads\">http:\/\/www.google.com\/policies\/technologies\/ads<\/a><\/li>\n<li>Personalisierte Werbung durch Google:\u00a0<a class=\"externalLink\" href=\"https:\/\/www.google.de\/settings\/ads\">http:\/\/www.google.de\/settings\/ads<\/a><\/li>\n<li>Google hat sich dem zwischen der Europ\u00e4ischen Union und den USA geschlossenen\u00a0<strong>Privacy-Shield-Abkommen<\/strong>\u00a0unterworfen und sich zertifiziert. Dadurch verpflichtet sich Google, die Standards und Vorschriften des europ\u00e4ischen Datenschutzrechts einzuhalten. N\u00e4here Informationen k\u00f6nnen Sie dem nachfolgend verlinkten Eintrag entnehmen:\u00a0<a class=\"externalLink\" href=\"https:\/\/www.privacyshield.gov\/participant?id=a2zt000000001L5AAI&amp;status=Active\">https:\/\/www.privacyshield.gov\/participant?id=a2zt000000001L5AAI&amp;status=Active<\/a>.<\/li>\n<\/ul>\n<h2>fonts.com<\/h2>\n<p>Zur einheitlichen Darstellung von Schriftarten auf unserem Internetauftritt nutzen wir fonts.com einen Online-Schriftarten-Dienst der Monotype GmbH, Werner-Reimers-Stra\u00dfe 2-4, 61352 Bad Homburg.<\/p>\n<p>Durch die Nutzung dieses Dienstes stehen uns bestimmte gestalterische M\u00f6glichkeit offen, mit denen wir das Design unserer Webseite nutzerfreundlicher machen wollen. Die Einbindung dieser Online-Schriftarten erfolgt durch einen Serveraufruf bei fonts.com. Von diesem Server werden die Schriftarten komprimiert an Ihren Browser ausgeliefert und dort entpackt. Besuchen Sie eine unserer Seiten auf denen wir die Online-Schriftarten von fonts.com einbinden, wird an fonts.com \u00fcbermittelt, welche unserer Internetseiten Sie besucht haben. Zudem wird Ihre IP-Adresse an die Server von fonts.com \u00fcbermittelt.<strong> Zweck:<\/strong> Die vorbenannten Interessen stellen den Zweck der Nutzung von Google Web Fonts dar. <strong>Rechtsgrundlage:<\/strong> Wir setzen fonts.com auf Grund unseres berechtigten Interesses am an der Optimierung und Gestaltung unseres Onlineangebotes ein, Art. 6 Abs. 1 lit. f DSGVO. Weitere Informationen zu den von uns \u00fcber fonts.com genutzten Online-Schriftarten finden Sie unter <a class=\"externalLink\" href=\"https:\/\/www.fonts.com\/info\/legal\">https:\/\/www.fonts.com\/info\/legal <\/a>und in der Datenschutzerkl\u00e4rung von Fonts.com: <a class=\"externalLink\" href=\"https:\/\/www.fonts.com\/info\/legal\/privacy\">https:\/\/www.fonts.com\/info\/legal\/privacy\/<\/a> und in der Datenschutzerkl\u00e4rung von Monotype GmbH: <a class=\"externalLink\" href=\"https:\/\/www.unternehmen.online\/\u201chttps:\/www.monotype.com\/legal\/privacy-policy\u201c\">https:\/\/www.monotype.com\/legal\/privacy-policy\/<\/a><\/p>\n<h2>Sicherheitsma\u00dfnahmen<\/h2>\n<p>Wir treffen im \u00dcbrigen technische und organisatorische Sicherheitsma\u00dfnahmen nach dem Stand der Technik, um die Vorschriften der Datenschutzgesetze einzuhalten und Ihre Daten gegen zuf\u00e4llige oder vors\u00e4tzliche Manipulationen, teilweisen oder vollst\u00e4ndigen Verlust, Zerst\u00f6rung oder gegen den unbefugten Zugriff Dritter zu sch\u00fctzen.<\/p>\n<h2>Aktualit\u00e4t und \u00c4nderung dieser Datenschutzerkl\u00e4rung<\/h2>\n<p>Diese Datenschutzerkl\u00e4rung ist aktuell g\u00fcltig und hat den Stand April 2019. Aufgrund ge\u00e4nderter gesetzlicher bzw. beh\u00f6rdlicher Vorgaben kann es notwendig werden, diese Datenschutzerkl\u00e4rung anzupassen.<\/p>\n<p>Diese Datenschutzerkl\u00e4rung wurde mit Hilfe von <a class=\"externalLink\" title=\"SOS Recht\" href=\"https:\/\/sos-recht.de\" target=\"_blank\" rel=\"noopener noreferrer\">SOS Recht<\/a> erstellt. <a href=\"datenschutz\/dsgvo-datenschutz-generator\/\">Den Datenschutz-Erkl\u00e4rungsgenerator finden Sie hier. <\/a>SOS Recht ist ein Angebot der <a class=\"externalLink\" href=\"https:\/\/mueller.legal\/\">Mueller.legal Rechtsanw\u00e4lte Partnerschaft<\/a>\u00a0mit Sitz in Berlin.<\/p>\n<p style=\"text-align: right;\"><small><span style=\"color: #999999;\"><em>Letzte Aktualisierung am: <span class=\"last-modified-timestamp\">Apr. 16, 2024 @ 12 h 50 min<\/span><\/em><\/span><\/small><\/p>\n","protected":false},"excerpt":{"rendered":"<p>Datenschutzerkl\u00e4rung Mit dieser Datenschutzerkl\u00e4rung m\u00f6chten wir Sie \u00fcber Art, Umfang und Zweck der Verarbeitung von personenbezogenen Daten auf unserer Webseite aufkl\u00e4ren. Personenbezogene Daten sind alle Daten, die einen pers\u00f6nlichen Bezug zu Ihnen aufweisen, z. B. Name, Adresse, E-Mail-Adresse oder Nutzerverhalten. Wer bei uns f\u00fcr die Datenverarbeitung verantwortlich ist Verantwortlich f\u00fcr die Datenverarbeitung ist: Hausarzt am &hellip;<\/p>\n","protected":false},"author":1,"featured_media":0,"parent":0,"menu_order":0,"comment_status":"closed","ping_status":"closed","template":"","meta":{"footnotes":""},"class_list":["post-122","page","type-page","status-publish","hentry"],"_links":{"self":[{"href":"https:\/\/hausarzt-am-kurpark.de\/index.php\/wp-json\/wp\/v2\/pages\/122"}],"collection":[{"href":"https:\/\/hausarzt-am-kurpark.de\/index.php\/wp-json\/wp\/v2\/pages"}],"about":[{"href":"https:\/\/hausarzt-am-kurpark.de\/index.php\/wp-json\/wp\/v2\/types\/page"}],"author":[{"embeddable":true,"href":"https:\/\/hausarzt-am-kurpark.de\/index.php\/wp-json\/wp\/v2\/users\/1"}],"replies":[{"embeddable":true,"href":"https:\/\/hausarzt-am-kurpark.de\/index.php\/wp-json\/wp\/v2\/comments?post=122"}],"version-history":[{"count":8,"href":"https:\/\/hausarzt-am-kurpark.de\/index.php\/wp-json\/wp\/v2\/pages\/122\/revisions"}],"predecessor-version":[{"id":2266,"href":"https:\/\/hausarzt-am-kurpark.de\/index.php\/wp-json\/wp\/v2\/pages\/122\/revisions\/2266"}],"wp:attachment":[{"href":"https:\/\/hausarzt-am-kurpark.de\/index.php\/wp-json\/wp\/v2\/media?parent=122"}],"curies":[{"name":"wp","href":"https:\/\/api.w.org\/{rel}","templated":true}]}}