{"id":110,"date":"2017-10-03T17:34:15","date_gmt":"2017-10-03T15:34:15","guid":{"rendered":"http:\/\/hausarzt-am-kurpark.de\/?page_id=110"},"modified":"2024-03-01T11:13:20","modified_gmt":"2024-03-01T10:13:20","slug":"impressum","status":"publish","type":"page","link":"https:\/\/hausarzt-am-kurpark.de\/index.php\/impressum\/","title":{"rendered":"Impressum"},"content":{"rendered":"\n<p><strong>Impressum<br>\n<\/strong><strong>Angaben gem\u00e4\u00df \u00a7 5 TMG\n<\/strong><\/p>\n\n\n\n<p>Dr. med. Stefan Kanduth<br> Soltauer Str. 15<br> 21335 L\u00fcneburg <\/p>\n\n\n\n<p><strong>Kontakt\n<\/strong><\/p>\n\n\n\n<p>Telefon: 04131 43303<br>\nTelefax: 04131 46443<br>\nE-Mail: praxis@hausarzt-am-kurpark.de\n<\/p>\n\n\n\n<p><strong>Aufsichtsbeh\u00f6rde\n<\/strong><\/p>\n\n\n\n<p>\u00c4rztekammer Niedersachsen\nKarl-Wiechert-Allee 18-22, 30625 Hannover\n<\/p>\n\n\n\n<figure class=\"wp-block-embed\"><div class=\"wp-block-embed__wrapper\">\nhttps:\/\/www.aekn.de\/\n<\/div><\/figure>\n\n\n\n<p><strong>Berufsbezeichnung und berufsrechtliche Regelungen\n<\/strong><\/p>\n\n\n\n<p>Berufsbezeichnung: Arzt<br>\nZust\u00e4ndige Kammer: \u00c4rztekammer Niedersachsen<br>\nVerliehen durch: Niedersachsen<br>\nEs gelten folgende berufsrechtliche Regelungen: Berufsrecht\nRegelungen einsehbar unter:\nhttps:\/\/www.aekn.de\/arztspezial\/arzt-und-recht\/#wcontentid1\n<\/p>\n\n\n\n<p><strong>Angaben zur Berufshaftpflichtversicherung\n<\/strong><\/p>\n\n\n\n<p><strong>Name und Sitz des Versicherers:\n<\/strong><\/p>\n\n\n\n<p>Deutsche \u00c4rzteversicherung\n51171 K\u00f6ln\n<\/p>\n\n\n\n<p><strong>Geltungsraum der Versicherung:\n<\/strong><\/p>\n\n\n\n<p>Deutschland <\/p>\n\n\n\n<p><strong>Streitschlichtung\n<\/strong><\/p>\n\n\n\n<p>Die Europ\u00e4ische Kommission stellt eine Plattform zur Online-Streitbeilegung (OS) bereit:\nhttps:\/\/ec.europa.eu\/consumers\/odr.<br>\nUnsere E-Mail-Adresse finden Sie oben im Impressum.\n<\/p>\n\n\n\n<p>Wir nehmen an einem Streitbeilegungsverfahren vor einer Verbraucherschlichtungsstelle teil. Die\nzust\u00e4ndige Verbraucherschlichtungsstelle ist:\n<\/p>\n\n\n\n<p>\u00c4rztekammer Niedersachsen\nKarl-Wiechert-Allee 18-22, 30625 Hannover\n<\/p>\n\n\n\n<figure class=\"wp-block-embed\"><div class=\"wp-block-embed__wrapper\">\nhttps:\/\/www.aekn.de\/patienteninfo\/auskunfts-und-beratungsstellen\/\n<\/div><\/figure>\n\n\n\n<p><strong>Haftung f\u00fcr Inhalte\n<\/strong><\/p>\n\n\n\n<p>Als Diensteanbieter sind wir gem\u00e4\u00df \u00a7 7 Abs.1 TMG f\u00fcr eigene Inhalte auf diesen Seiten nach den\nallgemeinen Gesetzen verantwortlich. Nach \u00a7\u00a7 8 bis 10 TMG sind wir als Diensteanbieter jedoch nicht\nverpflichtet, \u00fcbermittelte oder gespeicherte fremde Informationen zu \u00fcberwachen oder nach Umst\u00e4nden zu\nforschen, die auf eine rechtswidrige T\u00e4tigkeit hinweisen.\n<\/p>\n\n\n\n<p>Verpflichtungen zur Entfernung oder Sperrung der Nutzung von Informationen nach den allgemeinen\nGesetzen bleiben hiervon unber\u00fchrt. Eine diesbez\u00fcgliche Haftung ist jedoch erst ab dem Zeitpunkt der\nKenntnis einer konkreten Rechtsverletzung m\u00f6glich. Bei Bekanntwerden von entsprechenden\nRechtsverletzungen werden wir diese Inhalte umgehend entfernen.\n<\/p>\n\n\n\n<p><strong>Haftung f\u00fcr Links\n<\/strong><\/p>\n\n\n\n<p>Unser Angebot enth\u00e4lt Links zu externen Websites Dritter, auf deren Inhalte wir keinen Einfluss haben.\nDeshalb k\u00f6nnen wir f\u00fcr diese fremden Inhalte auch keine Gew\u00e4hr \u00fcbernehmen. F\u00fcr die Inhalte der\nverlinkten Seiten ist stets der jeweilige Anbieter oder Betreiber der Seiten verantwortlich. Die verlinkten\nSeiten wurden zum Zeitpunkt der Verlinkung auf m\u00f6gliche Rechtsverst\u00f6\u00dfe \u00fcberpr\u00fcft. Rechtswidrige Inhalte\nwaren zum Zeitpunkt der Verlinkung nicht erkennbar.\n<\/p>\n\n\n\n<p>Eine permanente inhaltliche Kontrolle der verlinkten Seiten ist jedoch ohne konkrete Anhaltspunkte einer\nRechtsverletzung nicht zumutbar. Bei Bekanntwerden von Rechtsverletzungen werden wir derartige Links\numgehend entfernen.\n<\/p>\n\n\n\n<p><strong>Urheberrecht\n<\/strong><\/p>\n\n\n\n<p>Die durch die Seitenbetreiber erstellten Inhalte und Werke auf diesen Seiten unterliegen dem deutschen\nUrheberrecht. Die Vervielf\u00e4ltigung, Bearbeitung, Verbreitung und jede Art der Verwertung au\u00dferhalb der\nGrenzen des Urheberrechtes bed\u00fcrfen der schriftlichen Zustimmung des jeweiligen Autors bzw. Erstellers.\nDownloads und Kopien dieser Seite sind nur f\u00fcr den privaten, nicht kommerziellen Gebrauch gestattet.\n<\/p>\n\n\n\n<p>Soweit die Inhalte auf dieser Seite nicht vom Betreiber erstellt wurden, werden die Urheberrechte Dritter\nbeachtet. Insbesondere werden Inhalte Dritter als solche gekennzeichnet. Sollten Sie trotzdem auf eine\nUrheberrechtsverletzung aufmerksam werden, bitten wir um einen entsprechenden Hinweis. Bei\nBekanntwerden von Rechtsverletzungen werden wir derartige Inhalte umgehend entfernen.\n<\/p>\n\n\n\n<p>Quelle:\neRecht24\n<\/p>\n","protected":false},"excerpt":{"rendered":"<p>Impressum Angaben gem\u00e4\u00df \u00a7 5 TMG Dr. med. Stefan Kanduth Soltauer Str. 15 21335 L\u00fcneburg Kontakt Telefon: 04131 43303 Telefax: 04131 46443 E-Mail: praxis@hausarzt-am-kurpark.de Aufsichtsbeh\u00f6rde \u00c4rztekammer Niedersachsen Karl-Wiechert-Allee 18-22, 30625 Hannover Berufsbezeichnung und berufsrechtliche Regelungen Berufsbezeichnung: Arzt Zust\u00e4ndige Kammer: \u00c4rztekammer Niedersachsen Verliehen durch: Niedersachsen Es gelten folgende berufsrechtliche Regelungen: Berufsrecht Regelungen einsehbar unter: https:\/\/www.aekn.de\/arztspezial\/arzt-und-recht\/#wcontentid1 Angaben &hellip;<\/p>\n","protected":false},"author":1,"featured_media":0,"parent":0,"menu_order":0,"comment_status":"closed","ping_status":"closed","template":"","meta":{"footnotes":""},"class_list":["post-110","page","type-page","status-publish","hentry"],"_links":{"self":[{"href":"https:\/\/hausarzt-am-kurpark.de\/index.php\/wp-json\/wp\/v2\/pages\/110"}],"collection":[{"href":"https:\/\/hausarzt-am-kurpark.de\/index.php\/wp-json\/wp\/v2\/pages"}],"about":[{"href":"https:\/\/hausarzt-am-kurpark.de\/index.php\/wp-json\/wp\/v2\/types\/page"}],"author":[{"embeddable":true,"href":"https:\/\/hausarzt-am-kurpark.de\/index.php\/wp-json\/wp\/v2\/users\/1"}],"replies":[{"embeddable":true,"href":"https:\/\/hausarzt-am-kurpark.de\/index.php\/wp-json\/wp\/v2\/comments?post=110"}],"version-history":[{"count":10,"href":"https:\/\/hausarzt-am-kurpark.de\/index.php\/wp-json\/wp\/v2\/pages\/110\/revisions"}],"predecessor-version":[{"id":2203,"href":"https:\/\/hausarzt-am-kurpark.de\/index.php\/wp-json\/wp\/v2\/pages\/110\/revisions\/2203"}],"wp:attachment":[{"href":"https:\/\/hausarzt-am-kurpark.de\/index.php\/wp-json\/wp\/v2\/media?parent=110"}],"curies":[{"name":"wp","href":"https:\/\/api.w.org\/{rel}","templated":true}]}}